{"id":807,"date":"2024-09-10T20:33:21","date_gmt":"2024-09-10T20:33:21","guid":{"rendered":"https:\/\/touchmelabel.com\/?post_type=product&#038;p=807"},"modified":"2024-09-12T11:59:41","modified_gmt":"2024-09-12T11:59:41","slug":"dvojita-deka-light-gray","status":"publish","type":"product","link":"https:\/\/touchmelabel.com\/cs\/product\/dvojita-deka-light-gray\/","title":{"rendered":"Dvojit\u00e1 deka"},"content":{"rendered":"<p>P\u0159i sledov\u00e1n\u00ed telky, \u010dten\u00ed kn\u00ed\u017eky, v l\u00e9t\u011b na terase\u2026 tam v\u0161ude v\u00e1m bude v\u011brn\u00fdm par\u0165\u00e1kem. Tahle <strong>hebk\u00e1 deka<\/strong> je se sv\u00fdmi <strong>rozm\u011bry 150 x 200 cm<\/strong> ide\u00e1ln\u00ed k zachuml\u00e1n\u00ed a d\u00edky <strong>dv\u011bma vrstv\u00e1m<\/strong> opravdu kr\u00e1sn\u011b zah\u0159eje.<\/p>\n<p>A to nejen na t\u011ble, ale i na du\u0161i: Je toti\u017e vyr\u00e1b\u011bn\u00e1 z materi\u00e1l\u016f, kter\u00e9 vznikly s l\u00e1skou a respektem k p\u0159\u00edrod\u011b, v manufaktu\u0159e, kterou jsme <strong>osobn\u011b nav\u0161t\u00edvili<\/strong> a k v\u00e1m dom\u016f doraz\u00ed kr\u00e1sn\u011b zabalen\u00e1.<\/p>\n","protected":false},"excerpt":{"rendered":"<p>P\u0159i sledov\u00e1n\u00ed telky, \u010dten\u00ed kn\u00ed\u017eky, v l\u00e9t\u011b na terase\u2026 tam v\u0161ude v\u00e1m bude v\u011brn\u00fdm par\u0165\u00e1kem. Tahle hebk\u00e1 deka je se sv\u00fdmi rozm\u011bry 150 x 200 cm ide\u00e1ln\u00ed k zachuml\u00e1n\u00ed a d\u00edky dv\u011bma vrstv\u00e1m opravdu kr\u00e1sn\u011b zah\u0159eje. A to nejen na t\u011ble, ale i na du\u0161i: Je toti\u017e vyr\u00e1b\u011bn\u00e1 z materi\u00e1l\u016f, kter\u00e9 vznikly s l\u00e1skou a <a href=\"https:\/\/touchmelabel.com\/cs\/product\/dvojita-deka-light-gray\/\" class=\"more-link\">&#8230;<span class=\"screen-reader-text\">  Dvojit\u00e1 deka<\/span><\/a><\/p>\n","protected":false},"featured_media":784,"template":"","meta":[],"product_brand":[],"product_cat":[38],"product_tag":[],"class_list":{"0":"post-807","1":"product","2":"type-product","3":"status-publish","4":"has-post-thumbnail","6":"product_cat-deky","8":"first","9":"instock","10":"shipping-taxable","11":"purchasable","12":"product-type-simple"},"_links":{"self":[{"href":"https:\/\/touchmelabel.com\/cs\/wp-json\/wp\/v2\/product\/807","targetHints":{"allow":["GET"]}}],"collection":[{"href":"https:\/\/touchmelabel.com\/cs\/wp-json\/wp\/v2\/product"}],"about":[{"href":"https:\/\/touchmelabel.com\/cs\/wp-json\/wp\/v2\/types\/product"}],"wp:featuredmedia":[{"embeddable":true,"href":"https:\/\/touchmelabel.com\/cs\/wp-json\/wp\/v2\/media\/784"}],"wp:attachment":[{"href":"https:\/\/touchmelabel.com\/cs\/wp-json\/wp\/v2\/media?parent=807"}],"wp:term":[{"taxonomy":"product_brand","embeddable":true,"href":"https:\/\/touchmelabel.com\/cs\/wp-json\/wp\/v2\/product_brand?post=807"},{"taxonomy":"product_cat","embeddable":true,"href":"https:\/\/touchmelabel.com\/cs\/wp-json\/wp\/v2\/product_cat?post=807"},{"taxonomy":"product_tag","embeddable":true,"href":"https:\/\/touchmelabel.com\/cs\/wp-json\/wp\/v2\/product_tag?post=807"}],"curies":[{"name":"wp","href":"https:\/\/api.w.org\/{rel}","templated":true}]}}