{"id":798,"date":"2024-09-10T20:12:18","date_gmt":"2024-09-10T20:12:18","guid":{"rendered":"https:\/\/touchmelabel.com\/?post_type=product&#038;p=798"},"modified":"2024-09-12T12:02:39","modified_gmt":"2024-09-12T12:02:39","slug":"jednoducha-deka-maroon","status":"publish","type":"product","link":"https:\/\/touchmelabel.com\/cs\/product\/jednoducha-deka-maroon\/","title":{"rendered":"Jednoduch\u00e1 deka"},"content":{"rendered":"<p>Ide\u00e1ln\u00ed rovnice (nejen) na zimn\u00ed ve\u010dery? Hrnek kakaa + obl\u00edben\u00e1 kn\u00ed\u017eka + hebk\u00e1 deka, do kter\u00e9 se zachuml\u00e1te a ukryjete p\u0159ed zimou. D\u00edky rozm\u011br\u016fm 150 x 200 cm se nemus\u00edte b\u00e1t, \u017ee byste se pod n\u00ed neve\u0161li (t\u0159eba i ve dvou).<\/p>\n<p>Vyroben\u00e1 je z mimo\u0159\u00e1dn\u011b hebk\u00e9ho, m\u011bkk\u00e9ho a jemn\u00e9ho materi\u00e1lu \u0161etrn\u00e9ho k p\u0159\u00edrod\u011b. A k dispozici v n\u011bkolika barv\u00e1ch, kter\u00e9 m\u016f\u017eete sladit t\u0159eba s pohovkou nebo pol\u0161t\u00e1\u0159ky. Jen se zachumlat!<\/p>\n","protected":false},"excerpt":{"rendered":"<p>Ide\u00e1ln\u00ed rovnice (nejen) na zimn\u00ed ve\u010dery? Hrnek kakaa + obl\u00edben\u00e1 kn\u00ed\u017eka + hebk\u00e1 deka, do kter\u00e9 se zachuml\u00e1te a ukryjete p\u0159ed zimou. D\u00edky rozm\u011br\u016fm 150 x 200 cm se nemus\u00edte b\u00e1t, \u017ee byste se pod n\u00ed neve\u0161li (t\u0159eba i ve dvou). Vyroben\u00e1 je z mimo\u0159\u00e1dn\u011b hebk\u00e9ho, m\u011bkk\u00e9ho a jemn\u00e9ho materi\u00e1lu \u0161etrn\u00e9ho k p\u0159\u00edrod\u011b. A k <a href=\"https:\/\/touchmelabel.com\/cs\/product\/jednoducha-deka-maroon\/\" class=\"more-link\">&#8230;<span class=\"screen-reader-text\">  Jednoduch\u00e1 deka<\/span><\/a><\/p>\n","protected":false},"featured_media":774,"template":"","meta":[],"product_brand":[],"product_cat":[38],"product_tag":[],"class_list":{"0":"post-798","1":"product","2":"type-product","3":"status-publish","4":"has-post-thumbnail","6":"product_cat-deky","8":"first","9":"instock","10":"shipping-taxable","11":"purchasable","12":"product-type-simple"},"_links":{"self":[{"href":"https:\/\/touchmelabel.com\/cs\/wp-json\/wp\/v2\/product\/798","targetHints":{"allow":["GET"]}}],"collection":[{"href":"https:\/\/touchmelabel.com\/cs\/wp-json\/wp\/v2\/product"}],"about":[{"href":"https:\/\/touchmelabel.com\/cs\/wp-json\/wp\/v2\/types\/product"}],"wp:featuredmedia":[{"embeddable":true,"href":"https:\/\/touchmelabel.com\/cs\/wp-json\/wp\/v2\/media\/774"}],"wp:attachment":[{"href":"https:\/\/touchmelabel.com\/cs\/wp-json\/wp\/v2\/media?parent=798"}],"wp:term":[{"taxonomy":"product_brand","embeddable":true,"href":"https:\/\/touchmelabel.com\/cs\/wp-json\/wp\/v2\/product_brand?post=798"},{"taxonomy":"product_cat","embeddable":true,"href":"https:\/\/touchmelabel.com\/cs\/wp-json\/wp\/v2\/product_cat?post=798"},{"taxonomy":"product_tag","embeddable":true,"href":"https:\/\/touchmelabel.com\/cs\/wp-json\/wp\/v2\/product_tag?post=798"}],"curies":[{"name":"wp","href":"https:\/\/api.w.org\/{rel}","templated":true}]}}