{"id":759,"date":"2024-09-10T19:09:59","date_gmt":"2024-09-10T19:09:59","guid":{"rendered":"https:\/\/touchmelabel.com\/?post_type=product&#038;p=759"},"modified":"2024-09-12T18:47:06","modified_gmt":"2024-09-12T18:47:06","slug":"chic-chair","status":"publish","type":"product","link":"https:\/\/touchmelabel.com\/cs\/product\/chic-chair\/","title":{"rendered":"Chic Chair"},"content":{"rendered":"<p>Chic Chair m\u00e1 sv\u016fj vlastn\u00ed p\u0159\u00edb\u011bh, kter\u00fd za\u010d\u00edn\u00e1 v jednom vintage obchod\u011b v centru Prahy. Po letech pou\u017e\u00edv\u00e1n\u00ed pro\u0161lo toto k\u0159eslo renovac\u00ed a bylo nov\u011b \u010daloun\u011bno luxusn\u00ed vlnou z australsk\u00fdch ovc\u00ed. Tato \u00faprava mu dod\u00e1v\u00e1 modern\u00ed vzhled a z\u00e1rove\u0148 zachov\u00e1v\u00e1 jeho nad\u010dasov\u00fd \u0161arm. &#8220;Chic Chair&#8221; nyn\u00ed nab\u00edz\u00ed dokonalou kombinaci pohodl\u00ed a elegance, ide\u00e1ln\u00ed pro jak\u00fdkoliv interi\u00e9r.<\/p>\n","protected":false},"excerpt":{"rendered":"<p>Chic Chair m\u00e1 sv\u016fj vlastn\u00ed p\u0159\u00edb\u011bh, kter\u00fd za\u010d\u00edn\u00e1 v jednom vintage obchod\u011b v centru Prahy. Po letech pou\u017e\u00edv\u00e1n\u00ed pro\u0161lo toto k\u0159eslo renovac\u00ed a bylo nov\u011b \u010daloun\u011bno luxusn\u00ed vlnou z australsk\u00fdch ovc\u00ed. Tato \u00faprava mu dod\u00e1v\u00e1 modern\u00ed vzhled a z\u00e1rove\u0148 zachov\u00e1v\u00e1 jeho nad\u010dasov\u00fd \u0161arm. &#8220;Chic Chair&#8221; nyn\u00ed nab\u00edz\u00ed dokonalou kombinaci pohodl\u00ed a elegance, ide\u00e1ln\u00ed pro jak\u00fdkoliv <a href=\"https:\/\/touchmelabel.com\/cs\/product\/chic-chair\/\" class=\"more-link\">&#8230;<span class=\"screen-reader-text\">  Chic Chair<\/span><\/a><\/p>\n","protected":false},"featured_media":760,"template":"","meta":[],"product_brand":[],"product_cat":[48],"product_tag":[],"class_list":{"0":"post-759","1":"product","2":"type-product","3":"status-publish","4":"has-post-thumbnail","6":"product_cat-nabytek","8":"first","9":"instock","10":"shipping-taxable","11":"purchasable","12":"product-type-simple"},"_links":{"self":[{"href":"https:\/\/touchmelabel.com\/cs\/wp-json\/wp\/v2\/product\/759","targetHints":{"allow":["GET"]}}],"collection":[{"href":"https:\/\/touchmelabel.com\/cs\/wp-json\/wp\/v2\/product"}],"about":[{"href":"https:\/\/touchmelabel.com\/cs\/wp-json\/wp\/v2\/types\/product"}],"wp:featuredmedia":[{"embeddable":true,"href":"https:\/\/touchmelabel.com\/cs\/wp-json\/wp\/v2\/media\/760"}],"wp:attachment":[{"href":"https:\/\/touchmelabel.com\/cs\/wp-json\/wp\/v2\/media?parent=759"}],"wp:term":[{"taxonomy":"product_brand","embeddable":true,"href":"https:\/\/touchmelabel.com\/cs\/wp-json\/wp\/v2\/product_brand?post=759"},{"taxonomy":"product_cat","embeddable":true,"href":"https:\/\/touchmelabel.com\/cs\/wp-json\/wp\/v2\/product_cat?post=759"},{"taxonomy":"product_tag","embeddable":true,"href":"https:\/\/touchmelabel.com\/cs\/wp-json\/wp\/v2\/product_tag?post=759"}],"curies":[{"name":"wp","href":"https:\/\/api.w.org\/{rel}","templated":true}]}}