{"id":757,"date":"2024-09-10T18:48:10","date_gmt":"2024-09-10T18:48:10","guid":{"rendered":"https:\/\/touchmelabel.com\/product\/swivel-lounge-chair-off-white\/"},"modified":"2024-09-12T18:43:43","modified_gmt":"2024-09-12T18:43:43","slug":"swivel-lounge-chair-off-white","status":"publish","type":"product","link":"https:\/\/touchmelabel.com\/cs\/product\/swivel-lounge-chair-off-white\/","title":{"rendered":"Swivel Lounge Chair"},"content":{"rendered":"<p>Geoffrey D. Harcourt, renomovan\u00fd produktov\u00fd design\u00e9r, je zn\u00e1m\u00fd sv\u00fdm jedine\u010dn\u00fdm p\u0159\u00edstupem k designu, kter\u00fd kombinuje pohodl\u00ed a inovaci. Jeho pr\u00e1ce zahrnuje \u0161irok\u00e9 spektrum, od modern\u00edch kancel\u00e1\u0159sk\u00fdch \u0159e\u0161en\u00ed a\u017e po elegantn\u00ed n\u00e1bytkov\u00e9 kousky. Geoffreyho pe\u010dliv\u00e1 pozornost k detailu a nekompromisn\u00ed snaha o kvalitu mu vynesly v\u00fdznamn\u00e9 postaven\u00ed v design\u00e9rsk\u00e9 komunit\u011b.<\/p>\n<p>Jedn\u00edm z jeho nejv\u00fdznamn\u011bj\u0161\u00edch n\u00e1vrh\u016f je oto\u010dn\u00e9 k\u0159eslo &#8220;Swivel Lounge&#8221; nebo kancel\u00e1\u0159sk\u00e9 k\u0159eslo, kter\u00e9 vzniklo v roce 1967 b\u011bhem jeho p\u016fsoben\u00ed v Artifort Studiu v Nizozemsku. Toto k\u0159eslo, navr\u017een\u00e9 s d\u016frazem na ergonomii a styl, ned\u00e1vno pro\u0161lo renovac\u00ed a bylo nov\u011b \u010daloun\u011bno luxusn\u00ed vlnou z australsk\u00fdch ovc\u00ed. Tato \u00faprava zv\u00fdraz\u0148uje jeho nad\u010dasovou p\u0159ita\u017elivost a nab\u00edz\u00ed dokonalou kombinaci komfortu a sofistikovanosti, kterou ocen\u00ed jak v dom\u00e1c\u00edm, tak pracovn\u00edm prost\u0159ed\u00ed.<\/p>\n<p>Geoffreyho tv\u016fr\u010d\u00ed cesta byla poh\u00e1n\u011bna hlubok\u00fdm porozum\u011bn\u00edm lidsk\u00fdch pot\u0159eb a chov\u00e1n\u00ed, co\u017e mu umo\u017e\u0148ovalo vytv\u00e1\u0159et produkty, kter\u00e9 byly nejen vizu\u00e1ln\u011b p\u0159ita\u017eliv\u00e9, ale tak\u00e9 vysoce funk\u010dn\u00ed. Geoffrey Harcourt zanechal za sebou d\u011bdictv\u00ed design\u016f, kter\u00e9 inspiruj\u00ed a obohacuj\u00ed ka\u017edodenn\u00ed z\u00e1\u017eitky.<\/p>\n<p>Inspirovali jsme se odkazem Geoffreyho D. Harcourta a zrenovovali jeho Swivel Lounge \u017eidli do na\u0161\u00ed kolekce TOUCHME, abychom vytvo\u0159ili va\u0161e \u00fatuln\u00e9 \u00fato\u010di\u0161t\u011b v r\u00e1mci cel\u00e9 kolekce, a\u0165 u\u017e jste doma nebo kdekoliv jinde.<\/p>\n<p><img loading=\"lazy\" decoding=\"async\" class=\"alignnone size-medium wp-image-745\" src=\"http:\/\/macbook-pro.local:5757\/wp-content\/uploads\/2024\/09\/GeoffreyDHarcourt_2_960x1166px-247x300.png\" alt=\"\" width=\"247\" height=\"300\" srcset=\"https:\/\/touchmelabel.com\/wp-content\/uploads\/2024\/09\/GeoffreyDHarcourt_2_960x1166px-247x300.png 247w, https:\/\/touchmelabel.com\/wp-content\/uploads\/2024\/09\/GeoffreyDHarcourt_2_960x1166px-600x729.png 600w, https:\/\/touchmelabel.com\/wp-content\/uploads\/2024\/09\/GeoffreyDHarcourt_2_960x1166px-843x1024.png 843w, https:\/\/touchmelabel.com\/wp-content\/uploads\/2024\/09\/GeoffreyDHarcourt_2_960x1166px.png 960w\" sizes=\"auto, (max-width: 247px) 100vw, 247px\" \/><\/p>\n","protected":false},"excerpt":{"rendered":"<p>Geoffrey D. Harcourt, renomovan\u00fd produktov\u00fd design\u00e9r, je zn\u00e1m\u00fd sv\u00fdm jedine\u010dn\u00fdm p\u0159\u00edstupem k designu, kter\u00fd kombinuje pohodl\u00ed a inovaci. Jeho pr\u00e1ce zahrnuje \u0161irok\u00e9 spektrum, od modern\u00edch kancel\u00e1\u0159sk\u00fdch \u0159e\u0161en\u00ed a\u017e po elegantn\u00ed n\u00e1bytkov\u00e9 kousky. Geoffreyho pe\u010dliv\u00e1 pozornost k detailu a nekompromisn\u00ed snaha o kvalitu mu vynesly v\u00fdznamn\u00e9 postaven\u00ed v design\u00e9rsk\u00e9 komunit\u011b. Jedn\u00edm z jeho nejv\u00fdznamn\u011bj\u0161\u00edch n\u00e1vrh\u016f je <a href=\"https:\/\/touchmelabel.com\/cs\/product\/swivel-lounge-chair-off-white\/\" class=\"more-link\">&#8230;<span class=\"screen-reader-text\">  Swivel Lounge Chair<\/span><\/a><\/p>\n","protected":false},"featured_media":748,"template":"","meta":[],"product_brand":[],"product_cat":[48],"product_tag":[],"class_list":{"0":"post-757","1":"product","2":"type-product","3":"status-publish","4":"has-post-thumbnail","6":"product_cat-nabytek","8":"first","9":"instock","10":"shipping-taxable","11":"purchasable","12":"product-type-simple"},"_links":{"self":[{"href":"https:\/\/touchmelabel.com\/cs\/wp-json\/wp\/v2\/product\/757","targetHints":{"allow":["GET"]}}],"collection":[{"href":"https:\/\/touchmelabel.com\/cs\/wp-json\/wp\/v2\/product"}],"about":[{"href":"https:\/\/touchmelabel.com\/cs\/wp-json\/wp\/v2\/types\/product"}],"wp:featuredmedia":[{"embeddable":true,"href":"https:\/\/touchmelabel.com\/cs\/wp-json\/wp\/v2\/media\/748"}],"wp:attachment":[{"href":"https:\/\/touchmelabel.com\/cs\/wp-json\/wp\/v2\/media?parent=757"}],"wp:term":[{"taxonomy":"product_brand","embeddable":true,"href":"https:\/\/touchmelabel.com\/cs\/wp-json\/wp\/v2\/product_brand?post=757"},{"taxonomy":"product_cat","embeddable":true,"href":"https:\/\/touchmelabel.com\/cs\/wp-json\/wp\/v2\/product_cat?post=757"},{"taxonomy":"product_tag","embeddable":true,"href":"https:\/\/touchmelabel.com\/cs\/wp-json\/wp\/v2\/product_tag?post=757"}],"curies":[{"name":"wp","href":"https:\/\/api.w.org\/{rel}","templated":true}]}}