{"id":742,"date":"2024-09-10T18:36:55","date_gmt":"2024-09-10T18:36:55","guid":{"rendered":"https:\/\/touchmelabel.com\/product\/penguin-off-white\/"},"modified":"2024-09-12T18:41:55","modified_gmt":"2024-09-12T18:41:55","slug":"penguin-off-white","status":"publish","type":"product","link":"https:\/\/touchmelabel.com\/cs\/product\/penguin-off-white\/","title":{"rendered":"Penguin"},"content":{"rendered":"<p>Theo Ruth, vizion\u00e1\u0159sk\u00fd produktov\u00fd design\u00e9r zn\u00e1m\u00fd sv\u00fdm inovativn\u00edm p\u0159\u00edstupem a estetickou eleganc\u00ed, v\u00fdznamn\u011b p\u0159isp\u011bl do sv\u011bta designu. Jeho pr\u00e1ce zahrnuje \u0161irok\u00e9 spektrum odv\u011btv\u00ed, od \u0161pi\u010dkov\u00fdch technologi\u00ed po udr\u017eiteln\u00e9 spot\u0159ebn\u00ed zbo\u017e\u00ed. Theova pe\u010dliv\u00e1 pozornost k detailu a z\u00e1vazek k dokonalosti mu vynesly uzn\u00e1n\u00ed a ocen\u011bn\u00ed v design\u00e9rsk\u00e9 komunit\u011b.<\/p>\n<p>Jedn\u00edm z jeho nejikoni\u010dt\u011bj\u0161\u00edch n\u00e1vrh\u016f je \u017eidle \u201ePenguin\u201c, mistrovsk\u00e9 d\u00edlo, kter\u00e9 dokonale spojuje formu a funkci. Tato \u017eidle, vytvo\u0159en\u00e1 v obdob\u00ed let 1953 a\u017e 1957 b\u011bhem jeho p\u016fsoben\u00ed v Artifort Studiu v Nizozemsku, je navr\u017eena tak, aby ji bylo mo\u017en\u00e9 jednoduch\u00fdm pohybem rozlo\u017eit na dv\u011b \u010d\u00e1sti. Nyn\u00ed pro\u0161la renovac\u00ed a byla nov\u011b \u010daloun\u011bna luxusn\u00ed vlnou z australsk\u00e9 ove\u010dky. Tato \u00faprava zvy\u0161uje jej\u00ed nad\u010dasovou p\u0159ita\u017elivost a nab\u00edz\u00ed dokonalou kombinaci pohodl\u00ed a sofistikovanosti.<\/p>\n<p>Theova tv\u016fr\u010d\u00ed cesta byla poh\u00e1n\u011bna hlubok\u00fdm porozum\u011bn\u00edm lidsk\u00e9mu chov\u00e1n\u00ed, co\u017e mu umo\u017e\u0148ovalo vytv\u00e1\u0159et produkty, kter\u00e9 byly nejen vizu\u00e1ln\u011b p\u0159ita\u017eliv\u00e9, ale tak\u00e9 intuitivn\u011b funk\u010dn\u00ed. Theo Ruth za sebou zanechal d\u011bdictv\u00ed design\u016f, kter\u00e9 inspiruj\u00ed. A my jsme se inspirovali Theov\u00fdm odkazem a p\u0159e\u010dalounili jsme a zrenovovali jeho ikonick\u00e9 k\u0159eslo do na\u0161\u00ed kolekce TOUCHME, abychom vytvo\u0159ili va\u0161e \u00fatuln\u00e9 \u00fato\u010di\u0161t\u011b v r\u00e1mci cel\u00e9 kolekce, a\u0165 u\u017e jste doma nebo kdekoliv jinde.<\/p>\n<p><img loading=\"lazy\" decoding=\"async\" class=\"alignnone size-medium wp-image-740\" src=\"http:\/\/macbook-pro.local:5757\/wp-content\/uploads\/2024\/09\/designer-theo-ruth-photo-c-and-courtesy-of-artifort-239x300.jpg\" alt=\"\" width=\"239\" height=\"300\" srcset=\"https:\/\/touchmelabel.com\/wp-content\/uploads\/2024\/09\/designer-theo-ruth-photo-c-and-courtesy-of-artifort-239x300.jpg 239w, https:\/\/touchmelabel.com\/wp-content\/uploads\/2024\/09\/designer-theo-ruth-photo-c-and-courtesy-of-artifort.jpg 319w\" sizes=\"auto, (max-width: 239px) 100vw, 239px\" \/><\/p>\n","protected":false},"excerpt":{"rendered":"<p>Theo Ruth, vizion\u00e1\u0159sk\u00fd produktov\u00fd design\u00e9r zn\u00e1m\u00fd sv\u00fdm inovativn\u00edm p\u0159\u00edstupem a estetickou eleganc\u00ed, v\u00fdznamn\u011b p\u0159isp\u011bl do sv\u011bta designu. Jeho pr\u00e1ce zahrnuje \u0161irok\u00e9 spektrum odv\u011btv\u00ed, od \u0161pi\u010dkov\u00fdch technologi\u00ed po udr\u017eiteln\u00e9 spot\u0159ebn\u00ed zbo\u017e\u00ed. Theova pe\u010dliv\u00e1 pozornost k detailu a z\u00e1vazek k dokonalosti mu vynesly uzn\u00e1n\u00ed a ocen\u011bn\u00ed v design\u00e9rsk\u00e9 komunit\u011b. Jedn\u00edm z jeho nejikoni\u010dt\u011bj\u0161\u00edch n\u00e1vrh\u016f je \u017eidle \u201ePenguin\u201c, <a href=\"https:\/\/touchmelabel.com\/cs\/product\/penguin-off-white\/\" class=\"more-link\">&#8230;<span class=\"screen-reader-text\">  Penguin<\/span><\/a><\/p>\n","protected":false},"featured_media":726,"template":"","meta":[],"product_brand":[],"product_cat":[48],"product_tag":[],"class_list":{"0":"post-742","1":"product","2":"type-product","3":"status-publish","4":"has-post-thumbnail","6":"product_cat-nabytek","8":"first","9":"instock","10":"shipping-taxable","11":"purchasable","12":"product-type-simple"},"_links":{"self":[{"href":"https:\/\/touchmelabel.com\/cs\/wp-json\/wp\/v2\/product\/742","targetHints":{"allow":["GET"]}}],"collection":[{"href":"https:\/\/touchmelabel.com\/cs\/wp-json\/wp\/v2\/product"}],"about":[{"href":"https:\/\/touchmelabel.com\/cs\/wp-json\/wp\/v2\/types\/product"}],"wp:featuredmedia":[{"embeddable":true,"href":"https:\/\/touchmelabel.com\/cs\/wp-json\/wp\/v2\/media\/726"}],"wp:attachment":[{"href":"https:\/\/touchmelabel.com\/cs\/wp-json\/wp\/v2\/media?parent=742"}],"wp:term":[{"taxonomy":"product_brand","embeddable":true,"href":"https:\/\/touchmelabel.com\/cs\/wp-json\/wp\/v2\/product_brand?post=742"},{"taxonomy":"product_cat","embeddable":true,"href":"https:\/\/touchmelabel.com\/cs\/wp-json\/wp\/v2\/product_cat?post=742"},{"taxonomy":"product_tag","embeddable":true,"href":"https:\/\/touchmelabel.com\/cs\/wp-json\/wp\/v2\/product_tag?post=742"}],"curies":[{"name":"wp","href":"https:\/\/api.w.org\/{rel}","templated":true}]}}