{"id":686,"date":"2024-09-10T10:08:34","date_gmt":"2024-09-10T10:08:34","guid":{"rendered":"https:\/\/touchmelabel.com\/?post_type=product&#038;p=686"},"modified":"2026-03-22T07:26:54","modified_gmt":"2026-03-22T07:26:54","slug":"tiki-tank-off-white","status":"publish","type":"product","link":"https:\/\/touchmelabel.com\/cs\/product\/tiki-tank-off-white\/","title":{"rendered":"Tiki Tank"},"content":{"rendered":"<p>P\u0159edstavujeme n\u00e1\u0161 nejnov\u011bj\u0161\u00ed nezbytn\u00fd kousek: Tiki Tank.<\/p>\n<p>Vyroben\u00fd s d\u016frazem na pohodl\u00ed a styl, n\u00e1\u0161 Tiki Tank je navr\u017een tak, aby pov\u00fd\u0161il v\u00e1\u0161 ka\u017edodenn\u00ed vzhled. Vyroben\u00fd z pr\u00e9miov\u00e9 dvouvrstv\u00e9 tkaniny TENCEL\u2122 Modal, nab\u00edz\u00ed neodolateln\u011b m\u011bkk\u00fd a hladk\u00fd pocit na k\u016f\u017ei, zaji\u0161\u0165uj\u00edc\u00ed maxim\u00e1ln\u00ed pohodl\u00ed po cel\u00fd den. Dvouvrstv\u00e1 konstrukce poskytuje dodate\u010dnou podporu a kryt\u00ed, co\u017e v\u00e1m umo\u017e\u0148uje nosit ho s jistotou bez podprsenky, p\u0159i zachov\u00e1n\u00ed p\u011bkn\u00e9ho tvaru a elegantn\u00edho vzhledu.<\/p>\n<p>Tiki Tank nejen dob\u0159e vypad\u00e1, ale tak\u00e9 d\u011bl\u00e1 dob\u0159e. D\u00edky luxusn\u00ed udr\u017eiteln\u00e9 tkanin\u011b TENCEL\u2122 Modal m\u016f\u017eete m\u00edt dobr\u00fd pocit z toho, \u017ee va\u0161e m\u00f3dn\u00ed volby maj\u00ed udr\u017eiteln\u00fd dopad na \u017eivotn\u00ed prost\u0159ed\u00ed.<\/p>\n","protected":false},"excerpt":{"rendered":"<p>P\u0159edstavujeme n\u00e1\u0161 nejnov\u011bj\u0161\u00ed nezbytn\u00fd kousek: Tiki Tank. Vyroben\u00fd s d\u016frazem na pohodl\u00ed a styl, n\u00e1\u0161 Tiki Tank je navr\u017een tak, aby pov\u00fd\u0161il v\u00e1\u0161 ka\u017edodenn\u00ed vzhled. Vyroben\u00fd z pr\u00e9miov\u00e9 dvouvrstv\u00e9 tkaniny TENCEL\u2122 Modal, nab\u00edz\u00ed neodolateln\u011b m\u011bkk\u00fd a hladk\u00fd pocit na k\u016f\u017ei, zaji\u0161\u0165uj\u00edc\u00ed maxim\u00e1ln\u00ed pohodl\u00ed po cel\u00fd den. Dvouvrstv\u00e1 konstrukce poskytuje dodate\u010dnou podporu a kryt\u00ed, co\u017e v\u00e1m <a href=\"https:\/\/touchmelabel.com\/cs\/product\/tiki-tank-off-white\/\" class=\"more-link\">&#8230;<span class=\"screen-reader-text\">  Tiki Tank<\/span><\/a><\/p>\n","protected":false},"featured_media":692,"template":"","meta":[],"product_brand":[],"product_cat":[40],"product_tag":[],"class_list":{"0":"post-686","1":"product","2":"type-product","3":"status-publish","4":"has-post-thumbnail","6":"product_cat-topy","8":"first","9":"instock","10":"shipping-taxable","11":"purchasable","12":"product-type-variable","13":"has-default-attributes"},"_links":{"self":[{"href":"https:\/\/touchmelabel.com\/cs\/wp-json\/wp\/v2\/product\/686","targetHints":{"allow":["GET"]}}],"collection":[{"href":"https:\/\/touchmelabel.com\/cs\/wp-json\/wp\/v2\/product"}],"about":[{"href":"https:\/\/touchmelabel.com\/cs\/wp-json\/wp\/v2\/types\/product"}],"wp:featuredmedia":[{"embeddable":true,"href":"https:\/\/touchmelabel.com\/cs\/wp-json\/wp\/v2\/media\/692"}],"wp:attachment":[{"href":"https:\/\/touchmelabel.com\/cs\/wp-json\/wp\/v2\/media?parent=686"}],"wp:term":[{"taxonomy":"product_brand","embeddable":true,"href":"https:\/\/touchmelabel.com\/cs\/wp-json\/wp\/v2\/product_brand?post=686"},{"taxonomy":"product_cat","embeddable":true,"href":"https:\/\/touchmelabel.com\/cs\/wp-json\/wp\/v2\/product_cat?post=686"},{"taxonomy":"product_tag","embeddable":true,"href":"https:\/\/touchmelabel.com\/cs\/wp-json\/wp\/v2\/product_tag?post=686"}],"curies":[{"name":"wp","href":"https:\/\/api.w.org\/{rel}","templated":true}]}}