{"id":661,"date":"2024-09-10T10:04:10","date_gmt":"2024-09-10T10:04:10","guid":{"rendered":"https:\/\/touchmelabel.com\/?post_type=product&#038;p=661"},"modified":"2024-10-03T16:17:41","modified_gmt":"2024-10-03T16:17:41","slug":"palm-top-off-white","status":"publish","type":"product","link":"https:\/\/touchmelabel.com\/cs\/product\/palm-top-off-white\/","title":{"rendered":"Palm Top"},"content":{"rendered":"<p>P\u0159edstavujeme n\u00e1\u0161 nejnov\u011bj\u0161\u00ed p\u0159\u00edr\u016fstek mezi z\u00e1kladn\u00edmi kousky \u0161atn\u00edku: Palm Top.<\/p>\n<p>Vyroben\u00fd z luxusn\u00ed udr\u017eiteln\u00e9 tkaniny TENCEL\u2122 Modal, tento top je zt\u011blesn\u011bn\u00edm pohodl\u00ed a stylu d\u00edky sv\u00e9 ultra-m\u011bkk\u00e9 textu\u0159e a udr\u017eiteln\u00e9mu p\u016fvodu. S klasick\u00fdm kulat\u00fdm v\u00fdst\u0159ihem a t\u0159\u00ed\u010dtvrte\u010dn\u00edmi ruk\u00e1vy nab\u00edz\u00ed Palm Top univerz\u00e1ln\u00ed siluetu, kter\u00e1 snadno p\u0159ech\u00e1z\u00ed z denn\u00edho do no\u010dn\u00edho outfitu.<\/p>\n<p>A\u0165 u\u017e se obl\u00e9k\u00e1te na neform\u00e1ln\u00ed setk\u00e1n\u00ed s p\u0159\u00e1teli nebo do profesion\u00e1ln\u00edho prost\u0159ed\u00ed v kancel\u00e1\u0159i, Palm Top slibuje pov\u00fd\u0161it v\u00e1\u0161 vzhled svou nad\u010dasovou eleganc\u00ed a nen\u00e1padn\u00fdm \u0161armem. Prody\u0161n\u00e1 l\u00e1tka zaru\u010duje celodenn\u00ed pohodl\u00ed, a d\u00edky udr\u017eiteln\u00e9 povaze tkaniny TENCEL\u2122 Modal m\u016f\u017eete m\u00edt dobr\u00fd pocit z va\u0161eho rozhodnut\u00ed si tento kousek po\u0159\u00eddit.<\/p>\n<p>Za\u017eijte vrchol modern\u00ed sofistikovanosti s Palm Top. P\u0159ijm\u011bte pohodl\u00ed, styl a udr\u017eitelnost v jednom nenucen\u00e9m kousku, kter\u00fd pat\u0159\u00ed do ka\u017ed\u00e9ho \u0161atn\u00edku.<\/p>\n","protected":false},"excerpt":{"rendered":"<p>P\u0159edstavujeme n\u00e1\u0161 nejnov\u011bj\u0161\u00ed p\u0159\u00edr\u016fstek mezi z\u00e1kladn\u00edmi kousky \u0161atn\u00edku: Palm Top. Vyroben\u00fd z luxusn\u00ed udr\u017eiteln\u00e9 tkaniny TENCEL\u2122 Modal, tento top je zt\u011blesn\u011bn\u00edm pohodl\u00ed a stylu d\u00edky sv\u00e9 ultra-m\u011bkk\u00e9 textu\u0159e a udr\u017eiteln\u00e9mu p\u016fvodu. S klasick\u00fdm kulat\u00fdm v\u00fdst\u0159ihem a t\u0159\u00ed\u010dtvrte\u010dn\u00edmi ruk\u00e1vy nab\u00edz\u00ed Palm Top univerz\u00e1ln\u00ed siluetu, kter\u00e1 snadno p\u0159ech\u00e1z\u00ed z denn\u00edho do no\u010dn\u00edho outfitu. A\u0165 u\u017e se obl\u00e9k\u00e1te <a href=\"https:\/\/touchmelabel.com\/cs\/product\/palm-top-off-white\/\" class=\"more-link\">&#8230;<span class=\"screen-reader-text\">  Palm Top<\/span><\/a><\/p>\n","protected":false},"featured_media":674,"template":"","meta":[],"product_brand":[],"product_cat":[40],"product_tag":[],"class_list":{"0":"post-661","1":"product","2":"type-product","3":"status-publish","4":"has-post-thumbnail","6":"product_cat-topy","8":"first","9":"instock","10":"shipping-taxable","11":"purchasable","12":"product-type-variable","13":"has-default-attributes"},"_links":{"self":[{"href":"https:\/\/touchmelabel.com\/cs\/wp-json\/wp\/v2\/product\/661","targetHints":{"allow":["GET"]}}],"collection":[{"href":"https:\/\/touchmelabel.com\/cs\/wp-json\/wp\/v2\/product"}],"about":[{"href":"https:\/\/touchmelabel.com\/cs\/wp-json\/wp\/v2\/types\/product"}],"wp:featuredmedia":[{"embeddable":true,"href":"https:\/\/touchmelabel.com\/cs\/wp-json\/wp\/v2\/media\/674"}],"wp:attachment":[{"href":"https:\/\/touchmelabel.com\/cs\/wp-json\/wp\/v2\/media?parent=661"}],"wp:term":[{"taxonomy":"product_brand","embeddable":true,"href":"https:\/\/touchmelabel.com\/cs\/wp-json\/wp\/v2\/product_brand?post=661"},{"taxonomy":"product_cat","embeddable":true,"href":"https:\/\/touchmelabel.com\/cs\/wp-json\/wp\/v2\/product_cat?post=661"},{"taxonomy":"product_tag","embeddable":true,"href":"https:\/\/touchmelabel.com\/cs\/wp-json\/wp\/v2\/product_tag?post=661"}],"curies":[{"name":"wp","href":"https:\/\/api.w.org\/{rel}","templated":true}]}}