{"id":628,"date":"2024-09-10T09:56:17","date_gmt":"2024-09-10T09:56:17","guid":{"rendered":"https:\/\/touchmelabel.com\/?post_type=product&#038;p=628"},"modified":"2025-09-18T15:08:28","modified_gmt":"2025-09-18T15:08:28","slug":"boatneck-bliss-top-off-white","status":"publish","type":"product","link":"https:\/\/touchmelabel.com\/cs\/product\/boatneck-bliss-top-off-white\/","title":{"rendered":"Boatneck Bliss Top"},"content":{"rendered":"<p>P\u0159edstavujeme n\u00e1\u0161 Boatneck Bliss Top \u2013 nad\u010dasov\u00fd kousek znovuobjeven\u00fd v luxusn\u00ed udr\u017eiteln\u00e9 tkanin\u011b TENCEL\u2122 Modal pro modern\u00ed ekologicky sm\u00fd\u0161lej\u00edc\u00ed \u017eenu.<\/p>\n<p>Vyroben\u00fd z luxusn\u00ed udr\u017eiteln\u00e9 tkaniny TENCEL\u2122 Modal, super m\u011bkk\u00e9ho materi\u00e1lu zn\u00e1m\u00e9ho pro sv\u016fj hedv\u00e1bn\u011b hladk\u00fd povrch a ekologick\u00fd v\u00fdrobn\u00ed proces, n\u00e1\u0161 Boatneck Bliss Top nab\u00edz\u00ed dokonalou kombinaci pohodl\u00ed a stylu.<\/p>\n<p>S lichotiv\u00fdm v\u00fdst\u0159ihem v lodi\u010dkov\u00e9m stylu a elegantn\u00edmi dlouh\u00fdmi ruk\u00e1vy je tento top ide\u00e1ln\u00ed pro ka\u017edou p\u0159\u00edle\u017eitost, a\u0165 u\u017e se chyst\u00e1te na ve\u010dern\u00ed akci nebo jen na b\u011b\u017en\u00e9 poch\u016fzky. Prody\u0161n\u00e1 l\u00e1tka zaru\u010duje celodenn\u00ed pohodl\u00ed, a d\u00edky udr\u017eiteln\u00e9 povaze tkaniny TENCEL\u2122 Modal m\u016f\u017eete m\u00edt dobr\u00fd pocit z va\u0161eho rozhodnut\u00ed si tento kousek po\u0159\u00eddit.<\/p>\n","protected":false},"excerpt":{"rendered":"<p>P\u0159edstavujeme n\u00e1\u0161 Boatneck Bliss Top \u2013 nad\u010dasov\u00fd kousek znovuobjeven\u00fd v luxusn\u00ed udr\u017eiteln\u00e9 tkanin\u011b TENCEL\u2122 Modal pro modern\u00ed ekologicky sm\u00fd\u0161lej\u00edc\u00ed \u017eenu. Vyroben\u00fd z luxusn\u00ed udr\u017eiteln\u00e9 tkaniny TENCEL\u2122 Modal, super m\u011bkk\u00e9ho materi\u00e1lu zn\u00e1m\u00e9ho pro sv\u016fj hedv\u00e1bn\u011b hladk\u00fd povrch a ekologick\u00fd v\u00fdrobn\u00ed proces, n\u00e1\u0161 Boatneck Bliss Top nab\u00edz\u00ed dokonalou kombinaci pohodl\u00ed a stylu. S lichotiv\u00fdm v\u00fdst\u0159ihem v lodi\u010dkov\u00e9m <a href=\"https:\/\/touchmelabel.com\/cs\/product\/boatneck-bliss-top-off-white\/\" class=\"more-link\">&#8230;<span class=\"screen-reader-text\">  Boatneck Bliss Top<\/span><\/a><\/p>\n","protected":false},"featured_media":642,"template":"","meta":[],"product_brand":[],"product_cat":[40],"product_tag":[],"class_list":{"0":"post-628","1":"product","2":"type-product","3":"status-publish","4":"has-post-thumbnail","6":"product_cat-topy","8":"first","9":"instock","10":"shipping-taxable","11":"purchasable","12":"product-type-variable","13":"has-default-attributes"},"_links":{"self":[{"href":"https:\/\/touchmelabel.com\/cs\/wp-json\/wp\/v2\/product\/628","targetHints":{"allow":["GET"]}}],"collection":[{"href":"https:\/\/touchmelabel.com\/cs\/wp-json\/wp\/v2\/product"}],"about":[{"href":"https:\/\/touchmelabel.com\/cs\/wp-json\/wp\/v2\/types\/product"}],"wp:featuredmedia":[{"embeddable":true,"href":"https:\/\/touchmelabel.com\/cs\/wp-json\/wp\/v2\/media\/642"}],"wp:attachment":[{"href":"https:\/\/touchmelabel.com\/cs\/wp-json\/wp\/v2\/media?parent=628"}],"wp:term":[{"taxonomy":"product_brand","embeddable":true,"href":"https:\/\/touchmelabel.com\/cs\/wp-json\/wp\/v2\/product_brand?post=628"},{"taxonomy":"product_cat","embeddable":true,"href":"https:\/\/touchmelabel.com\/cs\/wp-json\/wp\/v2\/product_cat?post=628"},{"taxonomy":"product_tag","embeddable":true,"href":"https:\/\/touchmelabel.com\/cs\/wp-json\/wp\/v2\/product_tag?post=628"}],"curies":[{"name":"wp","href":"https:\/\/api.w.org\/{rel}","templated":true}]}}