{"id":709,"date":"2024-09-10T11:12:43","date_gmt":"2024-09-10T11:12:43","guid":{"rendered":"https:\/\/touchmelabel.com\/kontaktujte-nas\/"},"modified":"2024-09-10T11:33:00","modified_gmt":"2024-09-10T11:33:00","slug":"kontaktujte-nas","status":"publish","type":"page","link":"https:\/\/touchmelabel.com\/cs\/kontaktujte-nas\/","title":{"rendered":"Kontaktujte n\u00e1s"},"content":{"rendered":"\n<figure class=\"wp-block-image size-full\"><img loading=\"lazy\" decoding=\"async\" width=\"2955\" height=\"1786\" src=\"http:\/\/macbook-pro.local:5757\/wp-content\/uploads\/2024\/09\/contact.png\" alt=\"\" class=\"wp-image-702\" srcset=\"https:\/\/touchmelabel.com\/wp-content\/uploads\/2024\/09\/contact.png 2955w, https:\/\/touchmelabel.com\/wp-content\/uploads\/2024\/09\/contact-600x363.png 600w, https:\/\/touchmelabel.com\/wp-content\/uploads\/2024\/09\/contact-1200x725.png 1200w, https:\/\/touchmelabel.com\/wp-content\/uploads\/2024\/09\/contact-300x181.png 300w, https:\/\/touchmelabel.com\/wp-content\/uploads\/2024\/09\/contact-1024x619.png 1024w\" sizes=\"auto, (max-width: 2955px) 100vw, 2955px\" \/><\/figure>\n\n\n\n<div class=\"wp-block-columns is-layout-flex wp-container-core-columns-is-layout-28f84493 wp-block-columns-is-layout-flex\">\n<div class=\"wp-block-column is-layout-flow wp-block-column-is-layout-flow\">\n<p>Jsme tu pro v\u00e1s s jak\u00fdmikoliv dotazy ohledn\u011b na\u0161ich produkt\u016f nebo z\u00e1kaznick\u00e9 podpory. Nev\u00e1hejte n\u00e1s kontaktovat na <strong>info@touchmelabel.com<\/strong>. <\/p>\n\n\n\n<p>Pro obchodn\u00ed spolupr\u00e1ce, marketingov\u00e9 p\u0159\u00edle\u017eitosti nebo PR dotazy, pros\u00edm, kontaktujte na\u0161i zakladatelku Pavlu Ma\u0159\u00edkovou na <strong>pavla@touchmelabel.com<\/strong>.<\/p>\n\n\n\n<p>V TOUCHME si v\u00e1\u017e\u00edme va\u0161\u00ed zp\u011btn\u00e9 vazby a v\u017edy se t\u011b\u0161\u00edme na spojen\u00ed s na\u0161\u00ed komunitou. Budeme se sna\u017eit na va\u0161e zpr\u00e1vy odpov\u011bd\u011bt co nejd\u0159\u00edve. <\/p>\n\n\n\n<p>D\u011bkujeme za v\u00e1\u0161 z\u00e1jem o TOUCHME! T\u011b\u0161\u00edme se na va\u0161e zpr\u00e1vy a na to, \u017ee v\u00e1m pom\u016f\u017eeme vytvo\u0159it \u201cYour Cozy Sanctuary, Anywhere\u201d. <\/p>\n<\/div>\n\n\n\n<div class=\"wp-block-column is-layout-flow wp-block-column-is-layout-flow\">\n<div class=\"wpcf7 no-js\" id=\"wpcf7-f714-o1\" lang=\"cs-CZ\" dir=\"ltr\" data-wpcf7-id=\"714\">\n<div class=\"screen-reader-response\"><p role=\"status\" aria-live=\"polite\" aria-atomic=\"true\"><\/p> <ul><\/ul><\/div>\n<form action=\"\/cs\/wp-json\/wp\/v2\/pages\/709#wpcf7-f714-o1\" method=\"post\" class=\"wpcf7-form init\" aria-label=\"Kontaktn\u00ed formul\u00e1\u0159\" novalidate=\"novalidate\" data-status=\"init\">\n<fieldset class=\"hidden-fields-container\"><input type=\"hidden\" name=\"_wpcf7\" value=\"714\" \/><input type=\"hidden\" name=\"_wpcf7_version\" value=\"6.1.5\" \/><input type=\"hidden\" name=\"_wpcf7_locale\" value=\"cs_CZ\" \/><input type=\"hidden\" name=\"_wpcf7_unit_tag\" value=\"wpcf7-f714-o1\" \/><input type=\"hidden\" name=\"_wpcf7_container_post\" value=\"0\" \/><input type=\"hidden\" name=\"_wpcf7_posted_data_hash\" value=\"\" \/>\n<\/fieldset>\n<p><span class=\"wpcf7-form-control-wrap\" data-name=\"your-name\"><input size=\"40\" maxlength=\"400\" class=\"wpcf7-form-control wpcf7-text wpcf7-validates-as-required\" autocomplete=\"name\" aria-required=\"true\" aria-invalid=\"false\" placeholder=\"Jm\u00e9no\" value=\"\" type=\"text\" name=\"your-name\" \/><\/span><br \/>\n<span class=\"wpcf7-form-control-wrap\" data-name=\"your-email\"><input size=\"40\" maxlength=\"400\" class=\"wpcf7-form-control wpcf7-email wpcf7-validates-as-required wpcf7-text wpcf7-validates-as-email\" autocomplete=\"email\" aria-required=\"true\" aria-invalid=\"false\" placeholder=\"Email\" value=\"\" type=\"email\" name=\"your-email\" \/><\/span><br \/>\n<span class=\"wpcf7-form-control-wrap\" data-name=\"your-message\"><textarea cols=\"40\" rows=\"10\" maxlength=\"2000\" class=\"wpcf7-form-control wpcf7-textarea wpcf7-validates-as-required\" aria-required=\"true\" aria-invalid=\"false\" placeholder=\"Zpr\u00e1va\" name=\"your-message\"><\/textarea><\/span>\n<\/p>\n<p><input class=\"wpcf7-form-control wpcf7-submit has-spinner\" type=\"submit\" value=\"Odeslat\" \/>\n<\/p><div class=\"wpcf7-response-output\" aria-hidden=\"true\"><\/div>\n<\/form>\n<\/div>\n\n<\/div>\n<\/div>\n","protected":false},"excerpt":{"rendered":"<p>Jsme tu pro v\u00e1s s jak\u00fdmikoliv dotazy ohledn\u011b na\u0161ich produkt\u016f nebo z\u00e1kaznick\u00e9 podpory. Nev\u00e1hejte n\u00e1s kontaktovat na info@touchmelabel.com. Pro obchodn\u00ed spolupr\u00e1ce, marketingov\u00e9 p\u0159\u00edle\u017eitosti nebo PR dotazy, pros\u00edm, kontaktujte na\u0161i zakladatelku Pavlu Ma\u0159\u00edkovou na pavla@touchmelabel.com. V TOUCHME si v\u00e1\u017e\u00edme va\u0161\u00ed zp\u011btn\u00e9 vazby a v\u017edy se t\u011b\u0161\u00edme na spojen\u00ed s na\u0161\u00ed komunitou. Budeme se sna\u017eit na va\u0161e <a href=\"https:\/\/touchmelabel.com\/cs\/kontaktujte-nas\/\" class=\"more-link\">&#8230;<span class=\"screen-reader-text\">  Kontaktujte n\u00e1s<\/span><\/a><\/p>\n","protected":false},"author":1,"featured_media":0,"parent":0,"menu_order":0,"comment_status":"closed","ping_status":"closed","template":"page-bigger-width.php","meta":{"footnotes":""},"class_list":["post-709","page","type-page","status-publish","hentry"],"_links":{"self":[{"href":"https:\/\/touchmelabel.com\/cs\/wp-json\/wp\/v2\/pages\/709","targetHints":{"allow":["GET"]}}],"collection":[{"href":"https:\/\/touchmelabel.com\/cs\/wp-json\/wp\/v2\/pages"}],"about":[{"href":"https:\/\/touchmelabel.com\/cs\/wp-json\/wp\/v2\/types\/page"}],"author":[{"embeddable":true,"href":"https:\/\/touchmelabel.com\/cs\/wp-json\/wp\/v2\/users\/1"}],"replies":[{"embeddable":true,"href":"https:\/\/touchmelabel.com\/cs\/wp-json\/wp\/v2\/comments?post=709"}],"version-history":[{"count":0,"href":"https:\/\/touchmelabel.com\/cs\/wp-json\/wp\/v2\/pages\/709\/revisions"}],"wp:attachment":[{"href":"https:\/\/touchmelabel.com\/cs\/wp-json\/wp\/v2\/media?parent=709"}],"curies":[{"name":"wp","href":"https:\/\/api.w.org\/{rel}","templated":true}]}}