{"id":326,"date":"2024-09-02T12:03:01","date_gmt":"2024-09-02T12:03:01","guid":{"rendered":"https:\/\/touchmelabel.com\/pruvodce-udrzbou\/"},"modified":"2024-09-09T12:38:13","modified_gmt":"2024-09-09T12:38:13","slug":"pruvodce-udrzbou","status":"publish","type":"page","link":"https:\/\/touchmelabel.com\/cs\/pruvodce-udrzbou\/","title":{"rendered":"Pr\u016fvodce \u00fadr\u017ebou"},"content":{"rendered":"\n<p>D\u011bkujeme, \u017ee jste si vybrali na\u0161e produkty vyroben\u00e9 z jemn\u00fdch udr\u017eiteln\u00fdch materi\u00e1l\u016f, jako jsou Responsible Alpaca Standard a TENCEL\u2122 Modal. Pro zaji\u0161t\u011bn\u00ed dlouh\u00e9 \u017eivotnosti a udr\u017eitelnosti va\u0161eho od\u011bvu pros\u00edm dodr\u017eujte n\u00ed\u017ee uveden\u00e9 pokyny pro p\u00e9\u010di: <\/p>\n\n<ul class=\"wp-block-list\">\n<li>\u0160etrn\u00e9 pran\u00ed\n<ul class=\"wp-block-list\">\n<li>Doporu\u010dujeme ru\u010dn\u00ed pran\u00ed s prac\u00edm prost\u0159edkem na vlnu nebo hedv\u00e1b\u00ed.<\/li>\n\n\n\n<li>Alternativn\u011b m\u016f\u017eete pou\u017e\u00edt program pro ru\u010dn\u00ed pran\u00ed na va\u0161\u00ed pra\u010dce s jemn\u00fdm prac\u00edm prost\u0159edkem.<\/li>\n\n\n\n<li>Pr\u00e1dlo perte p\u0159i teplot\u011b ni\u017e\u0161\u00ed ne\u017e 30\u00b0C, aby nedo\u0161lo k po\u0161kozen\u00ed vl\u00e1ken.<\/li>\n<\/ul>\n<\/li>\n\n\n\n<li>Vyvarujte se b\u011blen\u00ed\n<ul class=\"wp-block-list\">\n<li>Od\u011bv neb\u011blte, proto\u017ee to m\u016f\u017ee oslabit vl\u00e1kna a ovlivnit barvu.<\/li>\n<\/ul>\n<\/li>\n\n\n\n<li>Vyvarujte se su\u0161en\u00ed v su\u0161i\u010dce\n<ul class=\"wp-block-list\">\n<li>Od\u011bv nesu\u0161te v su\u0161i\u010dce, proto\u017ee teplo m\u016f\u017ee po\u0161kodit jemn\u00e1 vl\u00e1kna.<\/li>\n\n\n\n<li>M\u00edsto toho od\u011bv vytvarujte a nechte jej p\u0159irozen\u011b uschnout polo\u017een\u00fd na rovn\u00e9m povrchu. T\u00edm si zachov\u00e1 sv\u016fj tvar a celistvost. <\/li>\n<\/ul>\n<\/li>\n\n\n\n<li>Vyvarujte se \u017eehlen\u00ed\n<ul class=\"wp-block-list\">\n<li>Od\u011bv ne\u017eehlete, proto\u017ee to m\u016f\u017ee po\u0161kodit vl\u00e1kna a ovlivnit texturu.<\/li>\n\n\n\n<li>Pokud je to nutn\u00e9, m\u016f\u017eete od\u011bv jemn\u011b napa\u0159it, abyste odstranili p\u0159\u00edpadn\u00e9 z\u00e1hyby. Vyhn\u011bte se v\u0161ak p\u0159\u00edm\u00e9mu kontaktu s \u017eehli\u010dkou. <\/li>\n<\/ul>\n<\/li>\n\n\n\n<li>Chemick\u00e9 \u010di\u0161t\u011bn\u00ed\n<ul class=\"wp-block-list\">\n<li>Chemicky \u010dist\u011bte od\u011bv pouze v nezbytn\u00fdch p\u0159\u00edpadech a zajist\u011bte, aby to prov\u00e1d\u011bla profesion\u00e1ln\u00ed \u010dist\u00edrna specializuj\u00edc\u00ed se na jemn\u00e9 tkaniny.<\/li>\n<\/ul>\n<\/li>\n<\/ul>\n\n<p>Dodr\u017eov\u00e1n\u00edm t\u011bchto pokyn\u016f pom\u016f\u017eete nejen prodlou\u017eit \u017eivotnost va\u0161eho od\u011bvu, ale tak\u00e9 p\u0159isp\u011bjete k udr\u017eiteln\u00fdm praktik\u00e1m. Responsible Alpaca Standard a TENCEL\u2122 Modal Lenzing jsou materi\u00e1ly zn\u00e1m\u00e9 svou odolnost\u00ed a ekologick\u00fdmi vlastnostmi. Spr\u00e1vnou p\u00e9\u010d\u00ed o sv\u016fj od\u011bv si m\u016f\u017eete jeho kr\u00e1su a pohodl\u00ed u\u017e\u00edvat po mnoho let a z\u00e1rove\u0148 minimalizovat dopad na \u017eivotn\u00ed prost\u0159ed\u00ed.  <\/p>\n\n<p>D\u011bkujeme, \u017ee podporujete udr\u017eitelnou m\u00f3du! Pokud m\u00e1te jak\u00e9koliv dal\u0161\u00ed ot\u00e1zky nebo p\u0159ipom\u00ednky, nev\u00e1hejte n\u00e1s kontaktovat. <\/p>\n","protected":false},"excerpt":{"rendered":"<p>D\u011bkujeme, \u017ee jste si vybrali na\u0161e produkty vyroben\u00e9 z jemn\u00fdch udr\u017eiteln\u00fdch materi\u00e1l\u016f, jako jsou Responsible Alpaca Standard a TENCEL\u2122 Modal. Pro zaji\u0161t\u011bn\u00ed dlouh\u00e9 \u017eivotnosti a udr\u017eitelnosti va\u0161eho od\u011bvu pros\u00edm dodr\u017eujte n\u00ed\u017ee uveden\u00e9 pokyny pro p\u00e9\u010di: Dodr\u017eov\u00e1n\u00edm t\u011bchto pokyn\u016f pom\u016f\u017eete nejen prodlou\u017eit \u017eivotnost va\u0161eho od\u011bvu, ale tak\u00e9 p\u0159isp\u011bjete k udr\u017eiteln\u00fdm praktik\u00e1m. Responsible Alpaca Standard a TENCEL\u2122 <a href=\"https:\/\/touchmelabel.com\/cs\/pruvodce-udrzbou\/\" class=\"more-link\">&#8230;<span class=\"screen-reader-text\">  Pr\u016fvodce \u00fadr\u017ebou<\/span><\/a><\/p>\n","protected":false},"author":1,"featured_media":0,"parent":0,"menu_order":0,"comment_status":"closed","ping_status":"closed","template":"","meta":{"footnotes":""},"class_list":["post-326","page","type-page","status-publish","hentry"],"_links":{"self":[{"href":"https:\/\/touchmelabel.com\/cs\/wp-json\/wp\/v2\/pages\/326","targetHints":{"allow":["GET"]}}],"collection":[{"href":"https:\/\/touchmelabel.com\/cs\/wp-json\/wp\/v2\/pages"}],"about":[{"href":"https:\/\/touchmelabel.com\/cs\/wp-json\/wp\/v2\/types\/page"}],"author":[{"embeddable":true,"href":"https:\/\/touchmelabel.com\/cs\/wp-json\/wp\/v2\/users\/1"}],"replies":[{"embeddable":true,"href":"https:\/\/touchmelabel.com\/cs\/wp-json\/wp\/v2\/comments?post=326"}],"version-history":[{"count":0,"href":"https:\/\/touchmelabel.com\/cs\/wp-json\/wp\/v2\/pages\/326\/revisions"}],"wp:attachment":[{"href":"https:\/\/touchmelabel.com\/cs\/wp-json\/wp\/v2\/media?parent=326"}],"curies":[{"name":"wp","href":"https:\/\/api.w.org\/{rel}","templated":true}]}}