{"id":298,"date":"2024-09-02T12:03:14","date_gmt":"2024-09-02T12:03:14","guid":{"rendered":"https:\/\/touchmelabel.com\/pruvodce-velikostmi\/"},"modified":"2024-09-15T08:51:10","modified_gmt":"2024-09-15T08:51:10","slug":"pruvodce-velikostmi","status":"publish","type":"page","link":"https:\/\/touchmelabel.com\/cs\/pruvodce-velikostmi\/","title":{"rendered":"Pr\u016fvodce velikostmi"},"content":{"rendered":"<div class=\"wp-block-image\">\n<figure class=\"aligncenter size-full is-resized\"><img loading=\"lazy\" decoding=\"async\" width=\"458\" height=\"791\" src=\"https:\/\/touchmelabel.com\/wp-content\/uploads\/2024\/09\/sizeguide-1.png\" alt=\"\" class=\"wp-image-223\" style=\"width:300px\" srcset=\"https:\/\/touchmelabel.com\/wp-content\/uploads\/2024\/09\/sizeguide-1.png 458w, https:\/\/touchmelabel.com\/wp-content\/uploads\/2024\/09\/sizeguide-1-174x300.png 174w\" sizes=\"auto, (max-width: 458px) 100vw, 458px\" \/><\/figure>\n<\/div>\n\n\n<div class=\"wp-block-columns is-layout-flex wp-container-core-columns-is-layout-28f84493 wp-block-columns-is-layout-flex\">\n<div class=\"wp-block-column is-layout-flow wp-block-column-is-layout-flow\" style=\"flex-basis:66.66%\">\n<figure class=\"wp-block-table\"><table class=\"has-fixed-layout\"><tbody><tr><td>VELIKOST<\/td><td>HRUDN\u00cdK<\/td><td>PAS<\/td><td>BOKY<\/td><\/tr><tr><td>XS<\/td><td>81<\/td><td>64<\/td><td>94<\/td><\/tr><tr><td>S<\/td><td>86<\/td><td>69<\/td><td>99<\/td><\/tr><tr><td>M<\/td><td>91<\/td><td>74<\/td><td>104<\/td><\/tr><tr><td>L<\/td><td>96<\/td><td>79<\/td><td>109<\/td><\/tr><\/tbody><\/table><\/figure>\n<\/div>\n\n\n\n<div class=\"wp-block-column is-layout-flow wp-block-column-is-layout-flow\" style=\"flex-basis:33.33%\">\n<p>Pr\u016fvodce velikostmi slou\u017e\u00ed jako obecn\u00e1 pom\u016fcka pro nalezen\u00ed va\u0161\u00ed velikosti. P\u0159esn\u00e9 rozm\u011bry se li\u0161\u00ed podle jednotliv\u00fdch styl\u016f. <\/p>\n<\/div>\n<\/div>\n","protected":false},"excerpt":{"rendered":"<p>VELIKOST HRUDN\u00cdK PAS BOKY XS 81 64 94 S 86 69 99 M 91 74 104 L 96 79 109 Pr\u016fvodce velikostmi slou\u017e\u00ed jako obecn\u00e1 pom\u016fcka pro nalezen\u00ed va\u0161\u00ed velikosti. P\u0159esn\u00e9 rozm\u011bry se li\u0161\u00ed podle jednotliv\u00fdch styl\u016f.<\/p>\n","protected":false},"author":1,"featured_media":0,"parent":0,"menu_order":0,"comment_status":"closed","ping_status":"closed","template":"","meta":{"footnotes":""},"class_list":["post-298","page","type-page","status-publish","hentry"],"_links":{"self":[{"href":"https:\/\/touchmelabel.com\/cs\/wp-json\/wp\/v2\/pages\/298","targetHints":{"allow":["GET"]}}],"collection":[{"href":"https:\/\/touchmelabel.com\/cs\/wp-json\/wp\/v2\/pages"}],"about":[{"href":"https:\/\/touchmelabel.com\/cs\/wp-json\/wp\/v2\/types\/page"}],"author":[{"embeddable":true,"href":"https:\/\/touchmelabel.com\/cs\/wp-json\/wp\/v2\/users\/1"}],"replies":[{"embeddable":true,"href":"https:\/\/touchmelabel.com\/cs\/wp-json\/wp\/v2\/comments?post=298"}],"version-history":[{"count":0,"href":"https:\/\/touchmelabel.com\/cs\/wp-json\/wp\/v2\/pages\/298\/revisions"}],"wp:attachment":[{"href":"https:\/\/touchmelabel.com\/cs\/wp-json\/wp\/v2\/media?parent=298"}],"curies":[{"name":"wp","href":"https:\/\/api.w.org\/{rel}","templated":true}]}}