{"id":277,"date":"2024-09-03T13:26:04","date_gmt":"2024-09-03T13:26:04","guid":{"rendered":"https:\/\/touchmelabel.com\/hodnoty\/"},"modified":"2024-09-18T06:41:37","modified_gmt":"2024-09-18T06:41:37","slug":"hodnoty","status":"publish","type":"page","link":"https:\/\/touchmelabel.com\/cs\/hodnoty\/","title":{"rendered":"Hodnoty"},"content":{"rendered":"\n<div class=\"wp-block-group values\"><div class=\"wp-block-group__inner-container is-layout-constrained wp-block-group-is-layout-constrained\">\n<div class=\"wp-block-columns empowering-comfort is-layout-flex wp-container-core-columns-is-layout-28f84493 wp-block-columns-is-layout-flex\">\n<div class=\"wp-block-column is-layout-flow wp-block-column-is-layout-flow\" style=\"flex-basis:50%\">\n<figure class=\"wp-block-image size-full\"><img loading=\"lazy\" decoding=\"async\" width=\"1130\" height=\"708\" src=\"https:\/\/touchmelabel.com\/wp-content\/uploads\/2024\/09\/01.jpg\" alt=\"\" class=\"wp-image-245\" srcset=\"https:\/\/touchmelabel.com\/wp-content\/uploads\/2024\/09\/01.jpg 1130w, https:\/\/touchmelabel.com\/wp-content\/uploads\/2024\/09\/01-600x376.jpg 600w, https:\/\/touchmelabel.com\/wp-content\/uploads\/2024\/09\/01-300x188.jpg 300w, https:\/\/touchmelabel.com\/wp-content\/uploads\/2024\/09\/01-1024x642.jpg 1024w\" sizes=\"auto, (max-width: 1130px) 100vw, 1130px\" \/><\/figure>\n<\/div>\n\n\n\n<div class=\"wp-block-column is-vertically-aligned-stretch is-layout-flow wp-block-column-is-layout-flow\" style=\"flex-basis:50%\">\n<h2 class=\"wp-block-heading\">Empowering<br>Comfort<\/h2>\n\n\n\n<p>V TOUCHME je na\u0161\u00edm posl\u00e1n\u00edm inspirovat a povzbudit v\u00e1s, abyste si vytvo\u0159ili to, \u010demu \u0159\u00edk\u00e1me Cozy Sanctuary, a\u0165 jste kdekoliv. Ka\u017ed\u00fd kousek v na\u0161\u00ed kolekci je vyroben z nejkvalitn\u011bj\u0161\u00edch materi\u00e1l\u016f pro maxim\u00e1ln\u00ed pohodl\u00ed a dlouhou \u017eivotnost. Podporujeme \u017eivotn\u00ed styl, kde se pohodl\u00ed, elegance a uv\u011bdom\u011bl\u00fd luxus prol\u00ednaj\u00ed.<\/p>\n<\/div>\n<\/div>\n\n\n\n<div class=\"wp-block-columns reversed is-layout-flex wp-container-core-columns-is-layout-28f84493 wp-block-columns-is-layout-flex\" id=\"joyful-living\">\n<div class=\"wp-block-column is-vertically-aligned-top is-layout-flow wp-block-column-is-layout-flow\">\n<figure class=\"wp-block-image size-full\"><img loading=\"lazy\" decoding=\"async\" width=\"1499\" height=\"993\" src=\"https:\/\/touchmelabel.com\/wp-content\/uploads\/2024\/09\/02.jpg\" alt=\"\" class=\"wp-image-212\" srcset=\"https:\/\/touchmelabel.com\/wp-content\/uploads\/2024\/09\/02.jpg 1499w, https:\/\/touchmelabel.com\/wp-content\/uploads\/2024\/09\/02-600x397.jpg 600w, https:\/\/touchmelabel.com\/wp-content\/uploads\/2024\/09\/02-1200x795.jpg 1200w, https:\/\/touchmelabel.com\/wp-content\/uploads\/2024\/09\/02-300x199.jpg 300w, https:\/\/touchmelabel.com\/wp-content\/uploads\/2024\/09\/02-1024x678.jpg 1024w\" sizes=\"auto, (max-width: 1499px) 100vw, 1499px\" \/><\/figure>\n<\/div>\n\n\n\n<div class=\"wp-block-column is-vertically-aligned-stretch text is-layout-flow wp-block-column-is-layout-flow\">\n<h2 class=\"wp-block-heading\">Joyful<br>Living<\/h2>\n\n\n\n<p>V TOUCHME v\u011b\u0159\u00edme v s\u00edlu radostn\u00e9ho \u017eivota. Povzbuzujeme v\u00e1s, abyste p\u0159ijali svou kreativn\u00ed a snovou str\u00e1nku a brali \u017eivot trochu m\u00e9n\u011b v\u00e1\u017en\u011b. Na\u0161e promy\u0161len\u011b vytvo\u0159en\u00e9 kousky jsou navr\u017eeny tak, aby v\u00e1m pomohly naj\u00edt hravost, radost a rovnov\u00e1hu v ka\u017ed\u00e9m okam\u017eiku.<\/p>\n<\/div>\n<\/div>\n\n\n\n<div class=\"wp-block-columns is-layout-flex wp-container-core-columns-is-layout-28f84493 wp-block-columns-is-layout-flex\" id=\"planet\">\n<div class=\"wp-block-column is-layout-flow wp-block-column-is-layout-flow\">\n<figure class=\"wp-block-image size-full\"><img loading=\"lazy\" decoding=\"async\" width=\"1130\" height=\"701\" src=\"https:\/\/touchmelabel.com\/wp-content\/uploads\/2024\/09\/03.jpg\" alt=\"\" class=\"wp-image-246\" srcset=\"https:\/\/touchmelabel.com\/wp-content\/uploads\/2024\/09\/03.jpg 1130w, https:\/\/touchmelabel.com\/wp-content\/uploads\/2024\/09\/03-600x372.jpg 600w, https:\/\/touchmelabel.com\/wp-content\/uploads\/2024\/09\/03-300x186.jpg 300w, https:\/\/touchmelabel.com\/wp-content\/uploads\/2024\/09\/03-1024x635.jpg 1024w\" sizes=\"auto, (max-width: 1130px) 100vw, 1130px\" \/><\/figure>\n<\/div>\n\n\n\n<div class=\"wp-block-column is-vertically-aligned-stretch text is-layout-flow wp-block-column-is-layout-flow\">\n<h2 class=\"wp-block-heading\">Planet<\/h2>\n\n\n\n<p>V TOUCHME d\u00e1v\u00e1me udr\u017eitelnost na prvn\u00ed m\u00edsto. Od chovu alpak a v\u00fdroby p\u0159\u00edze a\u017e po fin\u00e1ln\u00ed produkt udr\u017eujeme cel\u00fd v\u00fdrobn\u00ed proces zelen\u00fd a \u010dist\u00fd. Jsme hrd\u00ed na to, \u017ee podporujeme Responsible Alpaca Standard a Responsible Wool Standard, kter\u00e9 zaji\u0161\u0165uj\u00ed \u0161etrn\u00e9 podm\u00ednky pro zv\u00ed\u0159ata a ochranu \u017eivotn\u00edho prost\u0159ed\u00ed. Pro v\u00edce informac\u00ed pokra\u010dujte ve \u010dten\u00ed v sekci <a href=\"https:\/\/touchmelabel.com\/cs\/udrzitelnost\/\">Udr\u017eitelnost<\/a>.<\/p>\n<\/div>\n<\/div>\n<\/div><\/div>\n","protected":false},"excerpt":{"rendered":"<p>EmpoweringComfort V TOUCHME je na\u0161\u00edm posl\u00e1n\u00edm inspirovat a povzbudit v\u00e1s, abyste si vytvo\u0159ili to, \u010demu \u0159\u00edk\u00e1me Cozy Sanctuary, a\u0165 jste kdekoliv. Ka\u017ed\u00fd kousek v na\u0161\u00ed kolekci je vyroben z nejkvalitn\u011bj\u0161\u00edch materi\u00e1l\u016f pro maxim\u00e1ln\u00ed pohodl\u00ed a dlouhou \u017eivotnost. Podporujeme \u017eivotn\u00ed styl, kde se pohodl\u00ed, elegance a uv\u011bdom\u011bl\u00fd luxus prol\u00ednaj\u00ed. JoyfulLiving V TOUCHME v\u011b\u0159\u00edme v s\u00edlu radostn\u00e9ho <a href=\"https:\/\/touchmelabel.com\/cs\/hodnoty\/\" class=\"more-link\">&#8230;<span class=\"screen-reader-text\">  Hodnoty<\/span><\/a><\/p>\n","protected":false},"author":1,"featured_media":0,"parent":0,"menu_order":0,"comment_status":"closed","ping_status":"closed","template":"page-full-width.php","meta":{"footnotes":""},"class_list":["post-277","page","type-page","status-publish","hentry"],"_links":{"self":[{"href":"https:\/\/touchmelabel.com\/cs\/wp-json\/wp\/v2\/pages\/277","targetHints":{"allow":["GET"]}}],"collection":[{"href":"https:\/\/touchmelabel.com\/cs\/wp-json\/wp\/v2\/pages"}],"about":[{"href":"https:\/\/touchmelabel.com\/cs\/wp-json\/wp\/v2\/types\/page"}],"author":[{"embeddable":true,"href":"https:\/\/touchmelabel.com\/cs\/wp-json\/wp\/v2\/users\/1"}],"replies":[{"embeddable":true,"href":"https:\/\/touchmelabel.com\/cs\/wp-json\/wp\/v2\/comments?post=277"}],"version-history":[{"count":1,"href":"https:\/\/touchmelabel.com\/cs\/wp-json\/wp\/v2\/pages\/277\/revisions"}],"predecessor-version":[{"id":1048,"href":"https:\/\/touchmelabel.com\/cs\/wp-json\/wp\/v2\/pages\/277\/revisions\/1048"}],"wp:attachment":[{"href":"https:\/\/touchmelabel.com\/cs\/wp-json\/wp\/v2\/media?parent=277"}],"curies":[{"name":"wp","href":"https:\/\/api.w.org\/{rel}","templated":true}]}}