{"id":273,"date":"2024-09-03T13:25:49","date_gmt":"2024-09-03T13:25:49","guid":{"rendered":"https:\/\/touchmelabel.com\/spoluprace\/"},"modified":"2024-09-18T07:19:36","modified_gmt":"2024-09-18T07:19:36","slug":"spoluprace","status":"publish","type":"page","link":"https:\/\/touchmelabel.com\/cs\/spoluprace\/","title":{"rendered":"Spolupr\u00e1ce"},"content":{"rendered":"\n<figure class=\"wp-block-image size-full\"><img loading=\"lazy\" decoding=\"async\" width=\"1128\" height=\"1128\" src=\"https:\/\/touchmelabel.com\/wp-content\/uploads\/2024\/09\/Terka-Kladosova-2-1.jpg\" alt=\"\" class=\"wp-image-205\" srcset=\"https:\/\/touchmelabel.com\/wp-content\/uploads\/2024\/09\/Terka-Kladosova-2-1.jpg 1128w, https:\/\/touchmelabel.com\/wp-content\/uploads\/2024\/09\/Terka-Kladosova-2-1-600x600.jpg 600w, https:\/\/touchmelabel.com\/wp-content\/uploads\/2024\/09\/Terka-Kladosova-2-1-100x100.jpg 100w, https:\/\/touchmelabel.com\/wp-content\/uploads\/2024\/09\/Terka-Kladosova-2-1-300x300.jpg 300w, https:\/\/touchmelabel.com\/wp-content\/uploads\/2024\/09\/Terka-Kladosova-2-1-1024x1024.jpg 1024w, https:\/\/touchmelabel.com\/wp-content\/uploads\/2024\/09\/Terka-Kladosova-2-1-150x150.jpg 150w, https:\/\/touchmelabel.com\/wp-content\/uploads\/2024\/09\/Terka-Kladosova-2-1-50x50.jpg 50w\" sizes=\"auto, (max-width: 1128px) 100vw, 1128px\" \/><\/figure>\n\n\n\n<h2 class=\"wp-block-heading has-text-align-center\">Tereza Rosalie Kladosova<\/h2>\n\n\n\n<div class=\"wp-block-columns is-layout-flex wp-container-core-columns-is-layout-28f84493 wp-block-columns-is-layout-flex\">\n<div class=\"wp-block-column is-layout-flow wp-block-column-is-layout-flow\">\n<p>Pro na\u0161i kolekci svetr\u016f se TOUCHME spojilo s talentovanou design\u00e9rkou Terezou Rosali\u00ed Klado\u0161ovou. Tereza je \u010desk\u00e1 m\u00f3dn\u00ed n\u00e1vrh\u00e1\u0159ka a v\u00fdtvarnice, kter\u00e1 absolvovala Vysokou \u0161kolu um\u011bleckopr\u016fmyslovou v Praze. V roce 2019 z\u00edskala presti\u017en\u00ed ocen\u011bn\u00ed Czech Grand Design za inovativn\u00ed kolekci Merino Recycle, a to jako Grand design\u00e9rka roku a M\u00f3dn\u00ed design\u00e9rka roku. Tereza ve sv\u00fdch n\u00e1vrz\u00edch recykluje merino vlnu a vytv\u00e1\u0159\u00ed autorsk\u00e9 l\u00e1tky z odpadn\u00edho materi\u00e1lu.<\/p>\n\n\n\n<p><\/p>\n<\/div>\n\n\n\n<div class=\"wp-block-column is-layout-flow wp-block-column-is-layout-flow\">\n<p>Tereza ve sv\u00e9 tvorb\u011b oslavuje barvy, vzory a \u0159emesln\u00e9 tradice s jedine\u010dn\u00fdm smyslem pro humor. Stejn\u011b jako TOUCHME, i ona sd\u00edl\u00ed z\u00e1vazek k udr\u017eitelnosti, kdy pracuje s deadstockov\u00fdmi materi\u00e1ly a certifikovan\u00fdmi l\u00e1tkami, \u010d\u00edm\u017e minimalizuje dopad na \u017eivotn\u00ed prost\u0159ed\u00ed. V\u0161echny vzory pro limitovan\u00e9 kolekce jsou navrhov\u00e1ny a vytv\u00e1\u0159eny v jej\u00edm studiu.<\/p>\n\n\n\n<p>V TRK studiu Tereza kombinuje originalitu, \u017eiv\u00e9 barevn\u00e9 palety a zru\u010dnost v \u0159emesle, aby vznikaly fascinuj\u00edc\u00ed kolekce, kter\u00e9 nejen skv\u011ble vypadaj\u00ed, ale tak\u00e9 se pohodln\u011b nos\u00ed. Spole\u010dn\u011b s TOUCHME redefinujeme \u00faplety, kter\u00e9 propojuj\u00ed estetiku s komfortem a udr\u017eitelnost\u00ed.<\/p>\n\n\n\n<p><\/p>\n<\/div>\n<\/div>\n","protected":false},"excerpt":{"rendered":"<p>Tereza Rosalie Kladosova Pro na\u0161i kolekci svetr\u016f se TOUCHME spojilo s talentovanou design\u00e9rkou Terezou Rosali\u00ed Klado\u0161ovou. Tereza je \u010desk\u00e1 m\u00f3dn\u00ed n\u00e1vrh\u00e1\u0159ka a v\u00fdtvarnice, kter\u00e1 absolvovala Vysokou \u0161kolu um\u011bleckopr\u016fmyslovou v Praze. V roce 2019 z\u00edskala presti\u017en\u00ed ocen\u011bn\u00ed Czech Grand Design za inovativn\u00ed kolekci Merino Recycle, a to jako Grand design\u00e9rka roku a M\u00f3dn\u00ed design\u00e9rka roku. Tereza <a href=\"https:\/\/touchmelabel.com\/cs\/spoluprace\/\" class=\"more-link\">&#8230;<span class=\"screen-reader-text\">  Spolupr\u00e1ce<\/span><\/a><\/p>\n","protected":false},"author":1,"featured_media":0,"parent":0,"menu_order":0,"comment_status":"closed","ping_status":"closed","template":"","meta":{"footnotes":""},"class_list":["post-273","page","type-page","status-publish","hentry"],"_links":{"self":[{"href":"https:\/\/touchmelabel.com\/cs\/wp-json\/wp\/v2\/pages\/273","targetHints":{"allow":["GET"]}}],"collection":[{"href":"https:\/\/touchmelabel.com\/cs\/wp-json\/wp\/v2\/pages"}],"about":[{"href":"https:\/\/touchmelabel.com\/cs\/wp-json\/wp\/v2\/types\/page"}],"author":[{"embeddable":true,"href":"https:\/\/touchmelabel.com\/cs\/wp-json\/wp\/v2\/users\/1"}],"replies":[{"embeddable":true,"href":"https:\/\/touchmelabel.com\/cs\/wp-json\/wp\/v2\/comments?post=273"}],"version-history":[{"count":1,"href":"https:\/\/touchmelabel.com\/cs\/wp-json\/wp\/v2\/pages\/273\/revisions"}],"predecessor-version":[{"id":1051,"href":"https:\/\/touchmelabel.com\/cs\/wp-json\/wp\/v2\/pages\/273\/revisions\/1051"}],"wp:attachment":[{"href":"https:\/\/touchmelabel.com\/cs\/wp-json\/wp\/v2\/media?parent=273"}],"curies":[{"name":"wp","href":"https:\/\/api.w.org\/{rel}","templated":true}]}}