{"id":262,"date":"2024-09-03T09:19:40","date_gmt":"2024-09-03T09:19:40","guid":{"rendered":"https:\/\/touchmelabel.com\/udrzitelnost\/"},"modified":"2024-09-24T11:12:36","modified_gmt":"2024-09-24T11:12:36","slug":"udrzitelnost","status":"publish","type":"page","link":"https:\/\/touchmelabel.com\/cs\/udrzitelnost\/","title":{"rendered":"Udr\u017eitelnost"},"content":{"rendered":"\n<figure class=\"wp-block-image size-full\"><img loading=\"lazy\" decoding=\"async\" width=\"2048\" height=\"2560\" src=\"http:\/\/macbook-pro.local:5757\/wp-content\/uploads\/2024\/09\/39edc9b0df930c05828dbf773f491afc092b54bc-scaled.jpg\" alt=\"\" class=\"wp-image-76\" srcset=\"https:\/\/touchmelabel.com\/wp-content\/uploads\/2024\/09\/39edc9b0df930c05828dbf773f491afc092b54bc-scaled.jpg 2048w, https:\/\/touchmelabel.com\/wp-content\/uploads\/2024\/09\/39edc9b0df930c05828dbf773f491afc092b54bc-scaled-600x750.jpg 600w, https:\/\/touchmelabel.com\/wp-content\/uploads\/2024\/09\/39edc9b0df930c05828dbf773f491afc092b54bc-scaled-1200x1500.jpg 1200w, https:\/\/touchmelabel.com\/wp-content\/uploads\/2024\/09\/39edc9b0df930c05828dbf773f491afc092b54bc-240x300.jpg 240w, https:\/\/touchmelabel.com\/wp-content\/uploads\/2024\/09\/39edc9b0df930c05828dbf773f491afc092b54bc-819x1024.jpg 819w\" sizes=\"auto, (max-width: 2048px) 100vw, 2048px\" \/><\/figure>\n\n\n\n<div class=\"wp-block-columns is-layout-flex wp-container-core-columns-is-layout-28f84493 wp-block-columns-is-layout-flex\">\n<div class=\"wp-block-column is-layout-flow wp-block-column-is-layout-flow\">\n<p>Udr\u017eitelnost nen\u00ed jen volba, je to n\u00e1\u0161 styl.<\/p>\n\n\n\n<p>Ve sv\u011bt\u011b TOUCHME je udr\u017eitelnost na prvn\u00edm m\u00edst\u011b. Od chovu alpak a v\u00fdroby p\u0159\u00edze a\u017e po fin\u00e1ln\u00ed produkt udr\u017eujeme cel\u00fd v\u00fdrobn\u00ed proces zelen\u00fd a \u010dist\u00fd.<\/p>\n\n\n\n<p>Jsme hrd\u00ed na to, \u017ee podporujeme Responsible Alpaca Standard a Responsible Wool Standard, co\u017e zaji\u0161\u0165uje, \u017ee na\u0161e vl\u00e1kna jsou eticky z\u00edsk\u00e1v\u00e1na a zpracov\u00e1na. Tato certifikace nejen zaru\u010duje dobr\u00e9 podm\u00ednky pro alpaky, ale tak\u00e9 zaji\u0161\u0165uje ochranu \u017eivotn\u00edho prost\u0159ed\u00ed b\u011bhem cel\u00e9ho v\u00fdrobn\u00edho procesu. V\u00fdb\u011brem na\u0161ich svetr\u016f nebo pullover\u016f nejen\u017ee investujete do kvality a stylu, ale tak\u00e9 podporujete etick\u00e9 praktiky a udr\u017eitelnost \u017eivotn\u00edho prost\u0159ed\u00ed. Pro v\u00edce informac\u00ed o Responsible Alpaca Standard nav\u0161tivte tento odkaz <a href=\"https:\/\/textileexchange.org\/responsible-alpaca-standard\/\" data-type=\"link\" data-id=\"https:\/\/textileexchange.org\/responsible-alpaca-standard\/\" target=\"_blank\" rel=\"noreferrer noopener\">odkaz<\/a>.<\/p>\n\n\n\n<p><\/p>\n<\/div>\n\n\n\n<div class=\"wp-block-column is-layout-flow wp-block-column-is-layout-flow\">\n<p>Pokud jde o materi\u00e1ly, vyb\u00edr\u00e1me jen to nejlep\u0161\u00ed a nejnov\u011bj\u0161\u00ed. Pro v\u00fdrobu top\u016f pou\u017e\u00edv\u00e1me nap\u0159\u00edklad udr\u017eitelnou tkaninu <a href=\"https:\/\/www.lenzing.com\/sustainability\" target=\"_blank\" rel=\"noreferrer noopener\">TENCEL\u2122 Lenzing Modal<\/a>, kter\u00e1 nab\u00edz\u00ed jemn\u00fd vzhled a pohodl\u00ed bez ekologick\u00e9 z\u00e1t\u011b\u017ee.<\/p>\n\n\n\n<p>Tato vl\u00e1kna jsou zn\u00e1m\u00e1 svou neuv\u011b\u0159itelnou jemnost\u00ed a luxusn\u00edm pocitem na poko\u017ece. TENCEL\u2122 Modal vl\u00e1kna jsou mimo\u0159\u00e1dn\u011b pru\u017en\u00e1 a dod\u00e1vaj\u00ed textili\u00edm p\u0159irozenou m\u011bkkost, kter\u00e1 je ide\u00e1ln\u00ed pro ka\u017edodenn\u00ed no\u0161en\u00ed.<\/p>\n\n\n\n<p>Koup\u00ed na\u0161ich produkt\u016f si budete u\u017e\u00edvat nejen maxim\u00e1ln\u00ed pohodl\u00ed, ale tak\u00e9 podpo\u0159\u00edte modern\u00ed, ekologicky \u0161etrn\u00e9 materi\u00e1ly, kter\u00e9 p\u0159isp\u00edvaj\u00ed k udr\u017eiteln\u011bj\u0161\u00ed budoucnosti. D\u00edky dlouhotrvaj\u00edc\u00ed kvalit\u011b a nad\u010dasov\u00e9mu designu je ka\u017ed\u00fd n\u00e1kup v\u00edc ne\u017e jen nov\u00fd kousek do \u0161atn\u00edku \u2013 je to odraz va\u0161ich hodnot.<\/p>\n\n\n\n<p>Db\u00e1me tak\u00e9 na ekologick\u00e9 balen\u00ed. Na\u0161e obaly jsou vyrobeny z biologicky rozlo\u017eiteln\u00fdch materi\u00e1l\u016f a r\u00e1di bychom v\u00e1s po\u017e\u00e1dali, abyste je znovu pou\u017eili nap\u0159\u00edklad pro vr\u00e1cen\u00ed zbo\u017e\u00ed. Z bal\u00ed\u010dk\u016f jsme odstranili ve\u0161ker\u00e9 zbyte\u010dn\u00e9 obaly a ka\u017ed\u00fd od\u011bv pe\u010dliv\u011b bal\u00edme do recyklovan\u00e9ho s\u00e1\u010dku. Tento p\u0159\u00edstup pom\u00e1h\u00e1 sni\u017eovat odpad a je v souladu s na\u0161\u00ed snahou chr\u00e1nit \u017eivotn\u00ed prost\u0159ed\u00ed v ka\u017ed\u00e9 f\u00e1zi na\u0161eho procesu.<\/p>\n<\/div>\n<\/div>\n\n\n\n<figure class=\"wp-block-image size-large\"><img loading=\"lazy\" decoding=\"async\" width=\"1024\" height=\"572\" src=\"https:\/\/touchmelabel.com\/wp-content\/uploads\/2024\/09\/certifikace-1024x572.png\" alt=\"\" class=\"wp-image-1019\" srcset=\"https:\/\/touchmelabel.com\/wp-content\/uploads\/2024\/09\/certifikace-1024x572.png 1024w, https:\/\/touchmelabel.com\/wp-content\/uploads\/2024\/09\/certifikace-300x168.png 300w, https:\/\/touchmelabel.com\/wp-content\/uploads\/2024\/09\/certifikace-600x335.png 600w, https:\/\/touchmelabel.com\/wp-content\/uploads\/2024\/09\/certifikace-1200x671.png 1200w, https:\/\/touchmelabel.com\/wp-content\/uploads\/2024\/09\/certifikace.png 2000w\" sizes=\"auto, (max-width: 1024px) 100vw, 1024px\" \/><\/figure>\n","protected":false},"excerpt":{"rendered":"<p>Udr\u017eitelnost nen\u00ed jen volba, je to n\u00e1\u0161 styl. Ve sv\u011bt\u011b TOUCHME je udr\u017eitelnost na prvn\u00edm m\u00edst\u011b. Od chovu alpak a v\u00fdroby p\u0159\u00edze a\u017e po fin\u00e1ln\u00ed produkt udr\u017eujeme cel\u00fd v\u00fdrobn\u00ed proces zelen\u00fd a \u010dist\u00fd. Jsme hrd\u00ed na to, \u017ee podporujeme Responsible Alpaca Standard a Responsible Wool Standard, co\u017e zaji\u0161\u0165uje, \u017ee na\u0161e vl\u00e1kna jsou eticky z\u00edsk\u00e1v\u00e1na a <a href=\"https:\/\/touchmelabel.com\/cs\/udrzitelnost\/\" class=\"more-link\">&#8230;<span class=\"screen-reader-text\">  Udr\u017eitelnost<\/span><\/a><\/p>\n","protected":false},"author":1,"featured_media":0,"parent":0,"menu_order":0,"comment_status":"closed","ping_status":"closed","template":"","meta":{"footnotes":""},"class_list":["post-262","page","type-page","status-publish","hentry"],"_links":{"self":[{"href":"https:\/\/touchmelabel.com\/cs\/wp-json\/wp\/v2\/pages\/262","targetHints":{"allow":["GET"]}}],"collection":[{"href":"https:\/\/touchmelabel.com\/cs\/wp-json\/wp\/v2\/pages"}],"about":[{"href":"https:\/\/touchmelabel.com\/cs\/wp-json\/wp\/v2\/types\/page"}],"author":[{"embeddable":true,"href":"https:\/\/touchmelabel.com\/cs\/wp-json\/wp\/v2\/users\/1"}],"replies":[{"embeddable":true,"href":"https:\/\/touchmelabel.com\/cs\/wp-json\/wp\/v2\/comments?post=262"}],"version-history":[{"count":3,"href":"https:\/\/touchmelabel.com\/cs\/wp-json\/wp\/v2\/pages\/262\/revisions"}],"predecessor-version":[{"id":1059,"href":"https:\/\/touchmelabel.com\/cs\/wp-json\/wp\/v2\/pages\/262\/revisions\/1059"}],"wp:attachment":[{"href":"https:\/\/touchmelabel.com\/cs\/wp-json\/wp\/v2\/media?parent=262"}],"curies":[{"name":"wp","href":"https:\/\/api.w.org\/{rel}","templated":true}]}}