{"id":1005,"date":"2024-09-03T13:28:34","date_gmt":"2024-09-03T13:28:34","guid":{"rendered":"https:\/\/touchmelabel.com\/?page_id=1005"},"modified":"2024-11-13T11:16:14","modified_gmt":"2024-11-13T11:16:14","slug":"stores","status":"publish","type":"page","link":"https:\/\/touchmelabel.com\/cs\/stores\/","title":{"rendered":"Prodejny"},"content":{"rendered":"\n<div class=\"wp-block-columns is-layout-flex wp-container-core-columns-is-layout-28f84493 wp-block-columns-is-layout-flex\">\n<div class=\"wp-block-column is-layout-flow wp-block-column-is-layout-flow\">\n<figure class=\"wp-block-image size-full\"><img loading=\"lazy\" decoding=\"async\" width=\"1251\" height=\"834\" src=\"https:\/\/touchmelabel.com\/wp-content\/uploads\/2024\/11\/Stores-02.png\" alt=\"\" class=\"wp-image-1097\" srcset=\"https:\/\/touchmelabel.com\/wp-content\/uploads\/2024\/11\/Stores-02.png 1251w, https:\/\/touchmelabel.com\/wp-content\/uploads\/2024\/11\/Stores-02-300x200.png 300w, https:\/\/touchmelabel.com\/wp-content\/uploads\/2024\/11\/Stores-02-1024x683.png 1024w, https:\/\/touchmelabel.com\/wp-content\/uploads\/2024\/11\/Stores-02-600x400.png 600w, https:\/\/touchmelabel.com\/wp-content\/uploads\/2024\/11\/Stores-02-1200x800.png 1200w\" sizes=\"auto, (max-width: 1251px) 100vw, 1251px\" \/><\/figure>\n<\/div>\n\n\n\n<div class=\"wp-block-column is-layout-flow wp-block-column-is-layout-flow\">\n<p>Na\u0161e kolekce je nyn\u00ed dostupn\u00e1 v pra\u017esk\u00e9m obchod\u011b <strong>Shopup stories<\/strong>. Tento butik sd\u00edl\u00ed na\u0161i v\u00e1\u0161e\u0148 pro kvalitn\u00ed, udr\u017eiteln\u00e9 kousky a design\u00e9rsk\u00e9 modely, kter\u00e9 spojuj\u00ed nad\u010dasov\u00fd styl a maxim\u00e1ln\u00ed pohodl\u00ed.<\/p>\n\n\n\n<p>V\u00edce informac\u00ed naleznete na jejich webov\u00fdch str\u00e1nk\u00e1ch: <a href=\"https:\/\/shopupstories.com\/\" target=\"_blank\" rel=\"noreferrer noopener\">Shopup stories<\/a>.<\/p>\n\n\n\n<div class=\"wp-block-columns is-layout-flex wp-container-core-columns-is-layout-28f84493 wp-block-columns-is-layout-flex\">\n<div class=\"wp-block-column is-layout-flow wp-block-column-is-layout-flow\">\n<h3 class=\"wp-block-heading\">Otev\u00edrac\u00ed doba<\/h3>\n\n\n\n<p>Pond\u011bl\u00ed: 10:30\u201318:30<br>\u00dater\u00fd: 10:30\u201318:30<br>St\u0159eda: 10:30\u201318:30<br>\u010ctvrtek: 10:30\u201318:30<br>P\u00e1tek: 10:30\u201318:30<br>Sobota: 11\u201317<br>Ned\u011ble: Zav\u0159eno<\/p>\n<\/div>\n\n\n\n<div class=\"wp-block-column is-layout-flow wp-block-column-is-layout-flow\">\n<h3 class=\"wp-block-heading\">Adresa<\/h3>\n\n\n\n<p>\u0158\u00edmsk\u00e1 1199\/35<br>Praha 2 &#8211; Vinohrady<br>120 00<\/p>\n<\/div>\n<\/div>\n<\/div>\n<\/div>\n\n\n\n<div class=\"wp-block-columns is-layout-flex wp-container-core-columns-is-layout-28f84493 wp-block-columns-is-layout-flex\">\n<div class=\"wp-block-column is-layout-flow wp-block-column-is-layout-flow\">\n<p>Na\u0161e kolekce je nyn\u00ed dostupn\u00e1 v pra\u017esk\u00e9m obchod\u011b <strong>ONES Concept<\/strong>. Tento butik sd\u00edl\u00ed na\u0161i v\u00e1\u0161e\u0148 pro kvalitn\u00ed, udr\u017eiteln\u00e9 kousky a design\u00e9rsk\u00e9 modely, kter\u00e9 spojuj\u00ed nad\u010dasov\u00fd styl a maxim\u00e1ln\u00ed pohodl\u00ed.<\/p>\n\n\n\n<p>V\u00edce informac\u00ed naleznete na jejich webov\u00fdch str\u00e1nk\u00e1ch: <a href=\"https:\/\/www.onesconcept.cz\/\" target=\"_blank\" rel=\"noreferrer noopener\">ONES Concept<\/a>.<\/p>\n\n\n\n<div class=\"wp-block-columns is-layout-flex wp-container-core-columns-is-layout-28f84493 wp-block-columns-is-layout-flex\">\n<div class=\"wp-block-column is-layout-flow wp-block-column-is-layout-flow\">\n<h3 class=\"wp-block-heading\">Otev\u00edrac\u00ed doba<\/h3>\n\n\n\n<p>Pond\u011bl\u00ed: Zav\u0159eno<br>\u00dater\u00fd: 11\u201319<br>St\u0159eda: 11\u201319<br>\u010ctvrtek: 11\u201319<br>P\u00e1tek: 11\u201319<br>Sobota: 11\u201319<br>Ned\u011ble: 11\u201319<\/p>\n<\/div>\n\n\n\n<div class=\"wp-block-column is-layout-flow wp-block-column-is-layout-flow\">\n<h3 class=\"wp-block-heading\">Adresa<\/h3>\n\n\n\n<p>\u00dajezd 600\/1<br>Praha 5 &#8211; Mal\u00e1 Strana<br>150 00<\/p>\n<\/div>\n<\/div>\n<\/div>\n\n\n\n<div class=\"wp-block-column is-layout-flow wp-block-column-is-layout-flow\">\n<figure class=\"wp-block-image size-full\"><img loading=\"lazy\" decoding=\"async\" width=\"600\" height=\"400\" src=\"https:\/\/touchmelabel.com\/wp-content\/uploads\/2024\/09\/ce0914_79de3221d8244b1ea8beeca7f3f6f567mv2.webp\" alt=\"\" class=\"wp-image-1032\" srcset=\"https:\/\/touchmelabel.com\/wp-content\/uploads\/2024\/09\/ce0914_79de3221d8244b1ea8beeca7f3f6f567mv2.webp 600w, https:\/\/touchmelabel.com\/wp-content\/uploads\/2024\/09\/ce0914_79de3221d8244b1ea8beeca7f3f6f567mv2-300x200.webp 300w\" sizes=\"auto, (max-width: 600px) 100vw, 600px\" \/><\/figure>\n<\/div>\n<\/div>\n\n\n\n<div class=\"wp-block-columns is-layout-flex wp-container-core-columns-is-layout-28f84493 wp-block-columns-is-layout-flex\">\n<div class=\"wp-block-column is-layout-flow wp-block-column-is-layout-flow\">\n<figure class=\"wp-block-image size-full\"><img loading=\"lazy\" decoding=\"async\" width=\"1251\" height=\"834\" src=\"https:\/\/touchmelabel.com\/wp-content\/uploads\/2024\/11\/Stores-01.png\" alt=\"\" class=\"wp-image-1095\" srcset=\"https:\/\/touchmelabel.com\/wp-content\/uploads\/2024\/11\/Stores-01.png 1251w, https:\/\/touchmelabel.com\/wp-content\/uploads\/2024\/11\/Stores-01-300x200.png 300w, https:\/\/touchmelabel.com\/wp-content\/uploads\/2024\/11\/Stores-01-1024x683.png 1024w, https:\/\/touchmelabel.com\/wp-content\/uploads\/2024\/11\/Stores-01-600x400.png 600w, https:\/\/touchmelabel.com\/wp-content\/uploads\/2024\/11\/Stores-01-1200x800.png 1200w\" sizes=\"auto, (max-width: 1251px) 100vw, 1251px\" \/><\/figure>\n<\/div>\n\n\n\n<div class=\"wp-block-column is-layout-flow wp-block-column-is-layout-flow\">\n<p>Na\u0161e kolekce je nyn\u00ed dostupn\u00e1 v pra\u017esk\u00e9m obchod\u011b <strong>Backyard<\/strong>. Tento butik sd\u00edl\u00ed na\u0161i v\u00e1\u0161e\u0148 pro kvalitn\u00ed, udr\u017eiteln\u00e9 kousky a design\u00e9rsk\u00e9 modely, kter\u00e9 spojuj\u00ed nad\u010dasov\u00fd styl a maxim\u00e1ln\u00ed pohodl\u00ed.<\/p>\n\n\n\n<p>V\u00edce informac\u00ed naleznete na jejich webov\u00fdch str\u00e1nk\u00e1ch: <a href=\"https:\/\/www.back-yard.cz\/\" target=\"_blank\" rel=\"noreferrer noopener\">Backyard<\/a>.<\/p>\n\n\n\n<div class=\"wp-block-columns is-layout-flex wp-container-core-columns-is-layout-28f84493 wp-block-columns-is-layout-flex\">\n<div class=\"wp-block-column is-layout-flow wp-block-column-is-layout-flow\">\n<h3 class=\"wp-block-heading\">Otev\u00edrac\u00ed doba<\/h3>\n\n\n\n<p>Pond\u011bl\u00ed: 11\u201319<br>\u00dater\u00fd: 11\u201319<br>St\u0159eda: 11\u201319<br>\u010ctvrtek: 11\u201319<br>P\u00e1tek: 11\u201319<br>Sobota: 11\u201319<br>Ned\u011ble: Zav\u0159eno<\/p>\n<\/div>\n\n\n\n<div class=\"wp-block-column is-layout-flow wp-block-column-is-layout-flow\">\n<h3 class=\"wp-block-heading\">Adresa<\/h3>\n\n\n\n<p>U Obecn\u00edho dvora 2 Praha 1 &#8211; Star\u00e9 M\u011bsto<br>110 00<\/p>\n<\/div>\n<\/div>\n<\/div>\n<\/div>\n","protected":false},"excerpt":{"rendered":"<p>Na\u0161e kolekce je nyn\u00ed dostupn\u00e1 v pra\u017esk\u00e9m obchod\u011b Shopup stories. Tento butik sd\u00edl\u00ed na\u0161i v\u00e1\u0161e\u0148 pro kvalitn\u00ed, udr\u017eiteln\u00e9 kousky a design\u00e9rsk\u00e9 modely, kter\u00e9 spojuj\u00ed nad\u010dasov\u00fd styl a maxim\u00e1ln\u00ed pohodl\u00ed. V\u00edce informac\u00ed naleznete na jejich webov\u00fdch str\u00e1nk\u00e1ch: Shopup stories. Otev\u00edrac\u00ed doba Pond\u011bl\u00ed: 10:30\u201318:30\u00dater\u00fd: 10:30\u201318:30St\u0159eda: 10:30\u201318:30\u010ctvrtek: 10:30\u201318:30P\u00e1tek: 10:30\u201318:30Sobota: 11\u201317Ned\u011ble: Zav\u0159eno Adresa \u0158\u00edmsk\u00e1 1199\/35Praha 2 &#8211; Vinohrady120 00 <a href=\"https:\/\/touchmelabel.com\/cs\/stores\/\" class=\"more-link\">&#8230;<span class=\"screen-reader-text\">  Prodejny<\/span><\/a><\/p>\n","protected":false},"author":1,"featured_media":0,"parent":0,"menu_order":0,"comment_status":"closed","ping_status":"closed","template":"","meta":{"footnotes":""},"class_list":["post-1005","page","type-page","status-publish","hentry"],"_links":{"self":[{"href":"https:\/\/touchmelabel.com\/cs\/wp-json\/wp\/v2\/pages\/1005","targetHints":{"allow":["GET"]}}],"collection":[{"href":"https:\/\/touchmelabel.com\/cs\/wp-json\/wp\/v2\/pages"}],"about":[{"href":"https:\/\/touchmelabel.com\/cs\/wp-json\/wp\/v2\/types\/page"}],"author":[{"embeddable":true,"href":"https:\/\/touchmelabel.com\/cs\/wp-json\/wp\/v2\/users\/1"}],"replies":[{"embeddable":true,"href":"https:\/\/touchmelabel.com\/cs\/wp-json\/wp\/v2\/comments?post=1005"}],"version-history":[{"count":2,"href":"https:\/\/touchmelabel.com\/cs\/wp-json\/wp\/v2\/pages\/1005\/revisions"}],"predecessor-version":[{"id":1103,"href":"https:\/\/touchmelabel.com\/cs\/wp-json\/wp\/v2\/pages\/1005\/revisions\/1103"}],"wp:attachment":[{"href":"https:\/\/touchmelabel.com\/cs\/wp-json\/wp\/v2\/media?parent=1005"}],"curies":[{"name":"wp","href":"https:\/\/api.w.org\/{rel}","templated":true}]}}